{"id":179842,"date":"2026-02-03T14:44:32","date_gmt":"2026-02-03T13:44:32","guid":{"rendered":"https:\/\/sportbiz.ch\/acces-a-lindex-des-marques\/"},"modified":"2026-04-14T15:14:46","modified_gmt":"2026-04-14T13:14:46","slug":"acces-a-lindex-des-marques","status":"publish","type":"page","link":"https:\/\/sportbiz.ch\/fr\/index-numerique-des-marques\/acces-a-lindex-des-marques\/","title":{"rendered":"Acc\u00e8s \u00e0 l&rsquo;index des marques"},"content":{"rendered":"\t\t<div data-elementor-type=\"wp-page\" data-elementor-id=\"179842\" class=\"elementor elementor-179842 elementor-176087\" data-elementor-post-type=\"page\">\n\t\t\t\t\t\t<section class=\"elementor-section elementor-top-section elementor-element elementor-element-684d56d1 elementor-section-boxed elementor-section-height-default elementor-section-height-default\" data-id=\"684d56d1\" data-element_type=\"section\" data-e-type=\"section\" data-settings=\"{&quot;background_background&quot;:&quot;classic&quot;}\">\n\t\t\t\t\t\t<div class=\"elementor-container elementor-column-gap-default\">\n\t\t\t\t\t<div class=\"elementor-column elementor-col-100 elementor-top-column elementor-element elementor-element-269087e\" data-id=\"269087e\" data-element_type=\"column\" data-e-type=\"column\">\n\t\t\t<div class=\"elementor-widget-wrap elementor-element-populated\">\n\t\t\t\t\t\t<div class=\"elementor-element elementor-element-17fd4956 elementor-widget elementor-widget-heading\" data-id=\"17fd4956\" data-element_type=\"widget\" data-e-type=\"widget\" data-widget_type=\"heading.default\">\n\t\t\t\t<div class=\"elementor-widget-container\">\n\t\t\t\t\t<h1 class=\"elementor-heading-title elementor-size-default\">Acc\u00e8s \u00e0 l'index des marques<\/h1>\t\t\t\t<\/div>\n\t\t\t\t<\/div>\n\t\t\t\t<div class=\"elementor-element elementor-element-3a3e7351 elementor-widget elementor-widget-text-editor\" data-id=\"3a3e7351\" data-element_type=\"widget\" data-e-type=\"widget\" data-widget_type=\"text-editor.default\">\n\t\t\t\t<div class=\"elementor-widget-container\">\n\t\t\t\t\t\t\t\t\tVotre acc\u00e8s exclusif aux donn\u00e9es pertinentes sur les marques du secteur\t\t\t\t\t\t\t\t<\/div>\n\t\t\t\t<\/div>\n\t\t\t\t\t<\/div>\n\t\t<\/div>\n\t\t\t\t\t<\/div>\n\t\t<\/section>\n\t\t<div class=\"elementor-element elementor-element-b41908b e-flex e-con-boxed e-con e-parent\" data-id=\"b41908b\" data-element_type=\"container\" data-e-type=\"container\">\n\t\t\t\t\t<div class=\"e-con-inner\">\n\t\t\t\t<div class=\"elementor-element elementor-element-b058ce8 elementor-widget elementor-widget-heading\" data-id=\"b058ce8\" data-element_type=\"widget\" data-e-type=\"widget\" data-widget_type=\"heading.default\">\n\t\t\t\t<div class=\"elementor-widget-container\">\n\t\t\t\t\t<h2 class=\"elementor-heading-title elementor-size-default\">Votre acc\u00e8s exclusif aux donn\u00e9es pertinentes sur les marques du secteur<\/h2>\t\t\t\t<\/div>\n\t\t\t\t<\/div>\n\t\t\t\t<div class=\"elementor-element elementor-element-daf2587 elementor-widget elementor-widget-text-editor\" data-id=\"daf2587\" data-element_type=\"widget\" data-e-type=\"widget\" data-widget_type=\"text-editor.default\">\n\t\t\t\t<div class=\"elementor-widget-container\">\n\t\t\t\t\t\t\t\t\tL&rsquo;index num\u00e9rique des marques sur sportbiz.ch est le r\u00e9pertoire central des marques, des fournisseurs et des agences dans le commerce sp\u00e9cialis\u00e9 du sport et du textile en Suisse. Il cr\u00e9e la transparence, facilite l&rsquo;orientation sur le march\u00e9 et renforce le r\u00e9seau entre le commerce et l&rsquo;industrie. \t\t\t\t\t\t\t\t<\/div>\n\t\t\t\t<\/div>\n\t\t\t\t\t<\/div>\n\t\t\t\t<\/div>\n\t\t<div class=\"elementor-element elementor-element-bda6706 e-flex e-con-boxed e-con e-parent\" data-id=\"bda6706\" data-element_type=\"container\" data-e-type=\"container\">\n\t\t\t\t\t<div class=\"e-con-inner\">\n\t\t\t\t<div class=\"elementor-element elementor-element-b94fefc elementor-widget elementor-widget-heading\" data-id=\"b94fefc\" data-element_type=\"widget\" data-e-type=\"widget\" data-widget_type=\"heading.default\">\n\t\t\t\t<div class=\"elementor-widget-container\">\n\t\t\t\t\t<h2 class=\"elementor-heading-title elementor-size-default\">L'acc\u00e8s se fait par le biais d'un abonnement payant.<\/h2>\t\t\t\t<\/div>\n\t\t\t\t<\/div>\n\t\t\t\t\t<\/div>\n\t\t\t\t<\/div>\n\t\t<div class=\"elementor-element elementor-element-a7f8a18 e-flex e-con-boxed e-con e-parent\" data-id=\"a7f8a18\" data-element_type=\"container\" data-e-type=\"container\">\n\t\t\t\t\t<div class=\"e-con-inner\">\n\t\t\t\t<div class=\"elementor-element elementor-element-113f888 elementor-grid-4 elementor-grid-tablet-3 elementor-grid-mobile-2 elementor-products-grid elementor-wc-products elementor-widget elementor-widget-woocommerce-products\" data-id=\"113f888\" data-element_type=\"widget\" data-e-type=\"widget\" data-widget_type=\"woocommerce-products.default\">\n\t\t\t\t<div class=\"elementor-widget-container\">\n\t\t\t\t\t<div class=\"woocommerce columns-4 \"><ul class=\"products elementor-grid columns-4\">\n<li class=\"product type-product post-179593 status-publish first instock product_cat-index-des-marques has-post-thumbnail virtual sold-individually taxable purchasable product-type-subscription\">\n\t<a href=\"https:\/\/sportbiz.ch\/fr\/produit\/index-numerique-des-marques\/\" class=\"woocommerce-LoopProduct-link woocommerce-loop-product__link\"><img fetchpriority=\"high\" decoding=\"async\" width=\"300\" height=\"300\" src=\"https:\/\/sportbiz.ch\/wp-content\/uploads\/2026\/02\/sportbiz_asmas_markenindex_web-neu-300x300.png\" class=\"attachment-woocommerce_thumbnail size-woocommerce_thumbnail\" alt=\"Index num\u00e9rique des marques\" srcset=\"https:\/\/sportbiz.ch\/wp-content\/uploads\/2026\/02\/sportbiz_asmas_markenindex_web-neu-300x300.png 300w, https:\/\/sportbiz.ch\/wp-content\/uploads\/2026\/02\/sportbiz_asmas_markenindex_web-neu-150x150.png 150w, https:\/\/sportbiz.ch\/wp-content\/uploads\/2026\/02\/sportbiz_asmas_markenindex_web-neu-100x100.png 100w\" sizes=\"(max-width: 300px) 100vw, 300px\" \/><h2 class=\"woocommerce-loop-product__title\">Index num\u00e9rique des marques<\/h2>\n\t<span class=\"price\"><span class=\"woocommerce-Price-amount amount\"><bdi><span class=\"woocommerce-Price-currencySymbol\">&#67;&#72;&#70;<\/span>&nbsp;180.00<\/bdi><\/span> <span class=\"subscription-details\"> \/ ann\u00e9e<\/span><\/span>\n<\/a><a href=\"\/fr\/wp-json\/wp\/v2\/pages\/179842?add-to-cart=179593\" aria-describedby=\"woocommerce_loop_add_to_cart_link_describedby_179593\" data-quantity=\"1\" class=\"button product_type_subscription add_to_cart_button ajax_add_to_cart\" data-product_id=\"179593\" data-product_sku=\"digitaler-markenindex\" aria-label=\"Ajouter au panier\u00a0: &ldquo;Index num\u00e9rique des marques&rdquo;\" rel=\"nofollow\" data-success_message=\"\u00ab\u00a0Index num\u00e9rique des marques\u00a0\u00bb a \u00e9t\u00e9 ajout\u00e9 \u00e0 votre panier\" role=\"button\">Kaufen<\/a>\t<span id=\"woocommerce_loop_add_to_cart_link_describedby_179593\" class=\"screen-reader-text\">\n\t\t\t<\/span>\n<\/li>\n<\/ul>\n<\/div>\t\t\t\t<\/div>\n\t\t\t\t<\/div>\n\t\t\t\t\t<\/div>\n\t\t\t\t<\/div>\n\t\t\t\t<\/div>\n\t\t","protected":false},"excerpt":{"rendered":"<p>Acc\u00e8s \u00e0 l&rsquo;index des marques Votre acc\u00e8s exclusif aux donn\u00e9es pertinentes sur les marques du secteur Votre acc\u00e8s exclusif aux donn\u00e9es pertinentes sur les marques du secteur L&rsquo;index num\u00e9rique des marques sur sportbiz.ch est le r\u00e9pertoire central des marques, des fournisseurs et des agences dans le commerce sp\u00e9cialis\u00e9 du sport et du textile en Suisse. [&hellip;]<\/p>\n","protected":false},"author":8,"featured_media":0,"parent":179851,"menu_order":0,"comment_status":"closed","ping_status":"closed","template":"","meta":{"_acf_changed":false,"footnotes":""},"class_list":["post-179842","page","type-page","status-publish","hentry"],"yoast_head":"<!-- This site is optimized with the Yoast SEO plugin v27.4 - https:\/\/yoast.com\/product\/yoast-seo-wordpress\/ -->\n<title>Acc\u00e8s \u00e0 l&#039;index des marques - Sportbiz<\/title>\n<meta name=\"robots\" content=\"index, follow, max-snippet:-1, max-image-preview:large, max-video-preview:-1\" \/>\n<link rel=\"canonical\" href=\"https:\/\/sportbiz.ch\/fr\/index-numerique-des-marques\/acces-a-lindex-des-marques\/\" \/>\n<meta property=\"og:locale\" content=\"fr_FR\" \/>\n<meta property=\"og:type\" content=\"article\" \/>\n<meta property=\"og:title\" content=\"Acc\u00e8s \u00e0 l&#039;index des marques - Sportbiz\" \/>\n<meta property=\"og:description\" content=\"Acc\u00e8s \u00e0 l&rsquo;index des marques Votre acc\u00e8s exclusif aux donn\u00e9es pertinentes sur les marques du secteur Votre acc\u00e8s exclusif aux donn\u00e9es pertinentes sur les marques du secteur L&rsquo;index num\u00e9rique des marques sur sportbiz.ch est le r\u00e9pertoire central des marques, des fournisseurs et des agences dans le commerce sp\u00e9cialis\u00e9 du sport et du textile en Suisse. [&hellip;]\" \/>\n<meta property=\"og:url\" content=\"https:\/\/sportbiz.ch\/fr\/index-numerique-des-marques\/acces-a-lindex-des-marques\/\" \/>\n<meta property=\"og:site_name\" content=\"Sportbiz\" \/>\n<meta property=\"article:publisher\" content=\"https:\/\/www.facebook.com\/sportbizbyasmas\" \/>\n<meta property=\"article:modified_time\" content=\"2026-04-14T13:14:46+00:00\" \/>\n<meta name=\"twitter:card\" content=\"summary_large_image\" \/>\n<script type=\"application\/ld+json\" class=\"yoast-schema-graph\">{\"@context\":\"https:\\\/\\\/schema.org\",\"@graph\":[{\"@type\":\"WebPage\",\"@id\":\"https:\\\/\\\/sportbiz.ch\\\/fr\\\/index-numerique-des-marques\\\/acces-a-lindex-des-marques\\\/\",\"url\":\"https:\\\/\\\/sportbiz.ch\\\/fr\\\/index-numerique-des-marques\\\/acces-a-lindex-des-marques\\\/\",\"name\":\"Acc\u00e8s \u00e0 l'index des marques - Sportbiz\",\"isPartOf\":{\"@id\":\"https:\\\/\\\/sportbiz.ch\\\/fr\\\/#website\"},\"datePublished\":\"2026-02-03T13:44:32+00:00\",\"dateModified\":\"2026-04-14T13:14:46+00:00\",\"breadcrumb\":{\"@id\":\"https:\\\/\\\/sportbiz.ch\\\/fr\\\/index-numerique-des-marques\\\/acces-a-lindex-des-marques\\\/#breadcrumb\"},\"inLanguage\":\"fr-FR\",\"potentialAction\":[{\"@type\":\"ReadAction\",\"target\":[\"https:\\\/\\\/sportbiz.ch\\\/fr\\\/index-numerique-des-marques\\\/acces-a-lindex-des-marques\\\/\"]}]},{\"@type\":\"BreadcrumbList\",\"@id\":\"https:\\\/\\\/sportbiz.ch\\\/fr\\\/index-numerique-des-marques\\\/acces-a-lindex-des-marques\\\/#breadcrumb\",\"itemListElement\":[{\"@type\":\"ListItem\",\"position\":1,\"name\":\"Home\",\"item\":\"https:\\\/\\\/sportbiz.ch\\\/fr\\\/\"},{\"@type\":\"ListItem\",\"position\":2,\"name\":\"Index num\u00e9rique des marques\",\"item\":\"https:\\\/\\\/sportbiz.ch\\\/fr\\\/index-numerique-des-marques\\\/\"},{\"@type\":\"ListItem\",\"position\":3,\"name\":\"Acc\u00e8s \u00e0 l&rsquo;index des marques\"}]},{\"@type\":\"WebSite\",\"@id\":\"https:\\\/\\\/sportbiz.ch\\\/fr\\\/#website\",\"url\":\"https:\\\/\\\/sportbiz.ch\\\/fr\\\/\",\"name\":\"Sportbiz\",\"description\":\"Schweizer Sportartikelbranche Online: ASMAS Verband Schweizer Sportfachhandel, \u00abSpaf\u00bb Verband Schweiz. Sportartikel-Lieferanten\",\"publisher\":{\"@id\":\"https:\\\/\\\/sportbiz.ch\\\/fr\\\/#organization\"},\"potentialAction\":[{\"@type\":\"SearchAction\",\"target\":{\"@type\":\"EntryPoint\",\"urlTemplate\":\"https:\\\/\\\/sportbiz.ch\\\/fr\\\/?s={search_term_string}\"},\"query-input\":{\"@type\":\"PropertyValueSpecification\",\"valueRequired\":true,\"valueName\":\"search_term_string\"}}],\"inLanguage\":\"fr-FR\"},{\"@type\":\"Organization\",\"@id\":\"https:\\\/\\\/sportbiz.ch\\\/fr\\\/#organization\",\"name\":\"ASMAS Sportfachhandel Schweiz\",\"url\":\"https:\\\/\\\/sportbiz.ch\\\/fr\\\/\",\"logo\":{\"@type\":\"ImageObject\",\"inLanguage\":\"fr-FR\",\"@id\":\"https:\\\/\\\/sportbiz.ch\\\/fr\\\/#\\\/schema\\\/logo\\\/image\\\/\",\"url\":\"https:\\\/\\\/sportbiz.ch\\\/wp-content\\\/uploads\\\/2023\\\/02\\\/sportbiz_Logo_72dpi.jpg\",\"contentUrl\":\"https:\\\/\\\/sportbiz.ch\\\/wp-content\\\/uploads\\\/2023\\\/02\\\/sportbiz_Logo_72dpi.jpg\",\"width\":520,\"height\":204,\"caption\":\"ASMAS Sportfachhandel Schweiz\"},\"image\":{\"@id\":\"https:\\\/\\\/sportbiz.ch\\\/fr\\\/#\\\/schema\\\/logo\\\/image\\\/\"},\"sameAs\":[\"https:\\\/\\\/www.facebook.com\\\/sportbizbyasmas\",\"https:\\\/\\\/www.linkedin.com\\\/company\\\/sportbizbyasmas\\\/\",\"https:\\\/\\\/www.instagram.com\\\/sportbiz.ch_by_asmas\\\/\",\"https:\\\/\\\/www.youtube.com\\\/channel\\\/UC_WL3nmvFlpl_sUNQofksqQ\"]}]}<\/script>\n<!-- \/ Yoast SEO plugin. -->","yoast_head_json":{"title":"Acc\u00e8s \u00e0 l'index des marques - Sportbiz","robots":{"index":"index","follow":"follow","max-snippet":"max-snippet:-1","max-image-preview":"max-image-preview:large","max-video-preview":"max-video-preview:-1"},"canonical":"https:\/\/sportbiz.ch\/fr\/index-numerique-des-marques\/acces-a-lindex-des-marques\/","og_locale":"fr_FR","og_type":"article","og_title":"Acc\u00e8s \u00e0 l'index des marques - Sportbiz","og_description":"Acc\u00e8s \u00e0 l&rsquo;index des marques Votre acc\u00e8s exclusif aux donn\u00e9es pertinentes sur les marques du secteur Votre acc\u00e8s exclusif aux donn\u00e9es pertinentes sur les marques du secteur L&rsquo;index num\u00e9rique des marques sur sportbiz.ch est le r\u00e9pertoire central des marques, des fournisseurs et des agences dans le commerce sp\u00e9cialis\u00e9 du sport et du textile en Suisse. [&hellip;]","og_url":"https:\/\/sportbiz.ch\/fr\/index-numerique-des-marques\/acces-a-lindex-des-marques\/","og_site_name":"Sportbiz","article_publisher":"https:\/\/www.facebook.com\/sportbizbyasmas","article_modified_time":"2026-04-14T13:14:46+00:00","twitter_card":"summary_large_image","schema":{"@context":"https:\/\/schema.org","@graph":[{"@type":"WebPage","@id":"https:\/\/sportbiz.ch\/fr\/index-numerique-des-marques\/acces-a-lindex-des-marques\/","url":"https:\/\/sportbiz.ch\/fr\/index-numerique-des-marques\/acces-a-lindex-des-marques\/","name":"Acc\u00e8s \u00e0 l'index des marques - Sportbiz","isPartOf":{"@id":"https:\/\/sportbiz.ch\/fr\/#website"},"datePublished":"2026-02-03T13:44:32+00:00","dateModified":"2026-04-14T13:14:46+00:00","breadcrumb":{"@id":"https:\/\/sportbiz.ch\/fr\/index-numerique-des-marques\/acces-a-lindex-des-marques\/#breadcrumb"},"inLanguage":"fr-FR","potentialAction":[{"@type":"ReadAction","target":["https:\/\/sportbiz.ch\/fr\/index-numerique-des-marques\/acces-a-lindex-des-marques\/"]}]},{"@type":"BreadcrumbList","@id":"https:\/\/sportbiz.ch\/fr\/index-numerique-des-marques\/acces-a-lindex-des-marques\/#breadcrumb","itemListElement":[{"@type":"ListItem","position":1,"name":"Home","item":"https:\/\/sportbiz.ch\/fr\/"},{"@type":"ListItem","position":2,"name":"Index num\u00e9rique des marques","item":"https:\/\/sportbiz.ch\/fr\/index-numerique-des-marques\/"},{"@type":"ListItem","position":3,"name":"Acc\u00e8s \u00e0 l&rsquo;index des marques"}]},{"@type":"WebSite","@id":"https:\/\/sportbiz.ch\/fr\/#website","url":"https:\/\/sportbiz.ch\/fr\/","name":"Sportbiz","description":"Schweizer Sportartikelbranche Online: ASMAS Verband Schweizer Sportfachhandel, \u00abSpaf\u00bb Verband Schweiz. Sportartikel-Lieferanten","publisher":{"@id":"https:\/\/sportbiz.ch\/fr\/#organization"},"potentialAction":[{"@type":"SearchAction","target":{"@type":"EntryPoint","urlTemplate":"https:\/\/sportbiz.ch\/fr\/?s={search_term_string}"},"query-input":{"@type":"PropertyValueSpecification","valueRequired":true,"valueName":"search_term_string"}}],"inLanguage":"fr-FR"},{"@type":"Organization","@id":"https:\/\/sportbiz.ch\/fr\/#organization","name":"ASMAS Sportfachhandel Schweiz","url":"https:\/\/sportbiz.ch\/fr\/","logo":{"@type":"ImageObject","inLanguage":"fr-FR","@id":"https:\/\/sportbiz.ch\/fr\/#\/schema\/logo\/image\/","url":"https:\/\/sportbiz.ch\/wp-content\/uploads\/2023\/02\/sportbiz_Logo_72dpi.jpg","contentUrl":"https:\/\/sportbiz.ch\/wp-content\/uploads\/2023\/02\/sportbiz_Logo_72dpi.jpg","width":520,"height":204,"caption":"ASMAS Sportfachhandel Schweiz"},"image":{"@id":"https:\/\/sportbiz.ch\/fr\/#\/schema\/logo\/image\/"},"sameAs":["https:\/\/www.facebook.com\/sportbizbyasmas","https:\/\/www.linkedin.com\/company\/sportbizbyasmas\/","https:\/\/www.instagram.com\/sportbiz.ch_by_asmas\/","https:\/\/www.youtube.com\/channel\/UC_WL3nmvFlpl_sUNQofksqQ"]}]}},"_links":{"self":[{"href":"https:\/\/sportbiz.ch\/fr\/wp-json\/wp\/v2\/pages\/179842","targetHints":{"allow":["GET"]}}],"collection":[{"href":"https:\/\/sportbiz.ch\/fr\/wp-json\/wp\/v2\/pages"}],"about":[{"href":"https:\/\/sportbiz.ch\/fr\/wp-json\/wp\/v2\/types\/page"}],"author":[{"embeddable":true,"href":"https:\/\/sportbiz.ch\/fr\/wp-json\/wp\/v2\/users\/8"}],"replies":[{"embeddable":true,"href":"https:\/\/sportbiz.ch\/fr\/wp-json\/wp\/v2\/comments?post=179842"}],"version-history":[{"count":1,"href":"https:\/\/sportbiz.ch\/fr\/wp-json\/wp\/v2\/pages\/179842\/revisions"}],"predecessor-version":[{"id":179849,"href":"https:\/\/sportbiz.ch\/fr\/wp-json\/wp\/v2\/pages\/179842\/revisions\/179849"}],"up":[{"embeddable":true,"href":"https:\/\/sportbiz.ch\/fr\/wp-json\/wp\/v2\/pages\/179851"}],"wp:attachment":[{"href":"https:\/\/sportbiz.ch\/fr\/wp-json\/wp\/v2\/media?parent=179842"}],"curies":[{"name":"wp","href":"https:\/\/api.w.org\/{rel}","templated":true}]}}