{"id":179783,"date":"2025-10-06T16:53:23","date_gmt":"2025-10-06T14:53:23","guid":{"rendered":"https:\/\/sportbiz.ch\/education\/cours\/monteur-de-fixations\/"},"modified":"2026-04-14T15:14:11","modified_gmt":"2026-04-14T13:14:11","slug":"monteur-de-fixations","status":"publish","type":"page","link":"https:\/\/sportbiz.ch\/fr\/education\/cours\/monteur-de-fixations\/","title":{"rendered":"Monteur de fixations"},"content":{"rendered":"\t\t<div data-elementor-type=\"wp-page\" data-elementor-id=\"179783\" class=\"elementor elementor-179783 elementor-74424\" data-elementor-post-type=\"page\">\n\t\t\t\t\t\t<section class=\"elementor-section elementor-top-section elementor-element elementor-element-394f70c4 elementor-section-boxed elementor-section-height-default elementor-section-height-default\" data-id=\"394f70c4\" data-element_type=\"section\" data-e-type=\"section\" data-settings=\"{&quot;background_background&quot;:&quot;classic&quot;}\">\n\t\t\t\t\t\t<div class=\"elementor-container elementor-column-gap-default\">\n\t\t\t\t\t<div class=\"elementor-column elementor-col-100 elementor-top-column elementor-element elementor-element-601778fd\" data-id=\"601778fd\" data-element_type=\"column\" data-e-type=\"column\">\n\t\t\t<div class=\"elementor-widget-wrap elementor-element-populated\">\n\t\t\t\t\t\t<div class=\"elementor-element elementor-element-4071c390 elementor-widget elementor-widget-heading\" data-id=\"4071c390\" data-element_type=\"widget\" data-e-type=\"widget\" data-widget_type=\"heading.default\">\n\t\t\t\t<div class=\"elementor-widget-container\">\n\t\t\t\t\t<h1 class=\"elementor-heading-title elementor-size-default\">Cours de monteur de fixations<\/h1>\t\t\t\t<\/div>\n\t\t\t\t<\/div>\n\t\t\t\t<div class=\"elementor-element elementor-element-49cad61f elementor-widget elementor-widget-text-editor\" data-id=\"49cad61f\" data-element_type=\"widget\" data-e-type=\"widget\" data-widget_type=\"text-editor.default\">\n\t\t\t\t<div class=\"elementor-widget-container\">\n\t\t\t\t\t\t\t\t\tASMAS Sportfachhandel Schweiz organise un cours sp\u00e9cialis\u00e9 sur le montage et le r\u00e9glage des fixations de ski et de randonn\u00e9e conform\u00e9ment aux normes.\t\t\t\t\t\t\t\t<\/div>\n\t\t\t\t<\/div>\n\t\t\t\t\t<\/div>\n\t\t<\/div>\n\t\t\t\t\t<\/div>\n\t\t<\/section>\n\t\t<div class=\"elementor-element elementor-element-f11b4ec e-flex e-con-boxed e-con e-parent\" data-id=\"f11b4ec\" data-element_type=\"container\" data-e-type=\"container\">\n\t\t\t\t\t<div class=\"e-con-inner\">\n\t\t\t\t<div class=\"elementor-element elementor-element-d52bf49 elementor-widget elementor-widget-heading\" data-id=\"d52bf49\" data-element_type=\"widget\" data-e-type=\"widget\" data-widget_type=\"heading.default\">\n\t\t\t\t<div class=\"elementor-widget-container\">\n\t\t\t\t\t<h3 class=\"elementor-heading-title elementor-size-default\">En cours de r\u00e9vision - bient\u00f4t nouveau pour vous.<\/h3>\t\t\t\t<\/div>\n\t\t\t\t<\/div>\n\t\t\t\t<div class=\"elementor-element elementor-element-c0731dc elementor-widget elementor-widget-text-editor\" data-id=\"c0731dc\" data-element_type=\"widget\" data-e-type=\"widget\" data-widget_type=\"text-editor.default\">\n\t\t\t\t<div class=\"elementor-widget-container\">\n\t\t\t\t\t\t\t\t\tLe contenu du cours de monteur de fixations est actuellement mis \u00e0 jour et d\u00e9velopp\u00e9 de mani\u00e8re pratique. Les nouveaux d\u00e9tails du cours, y compris le contenu p\u00e9dagogique, les dates, l&rsquo;inscription et plus encore, seront disponibles sous peu. \t\t\t\t\t\t\t\t<\/div>\n\t\t\t\t<\/div>\n\t\t\t\t\t<\/div>\n\t\t\t\t<\/div>\n\t\t<div class=\"elementor-element elementor-element-da10ce5 e-con-full e-flex e-con e-parent\" data-id=\"da10ce5\" data-element_type=\"container\" data-e-type=\"container\">\n\t\t\t\t<div class=\"elementor-element elementor-element-d557012 elementor-widget elementor-widget-gallery\" data-id=\"d557012\" data-element_type=\"widget\" data-e-type=\"widget\" data-settings=\"{&quot;gallery_layout&quot;:&quot;justified&quot;,&quot;ideal_row_height&quot;:{&quot;unit&quot;:&quot;px&quot;,&quot;size&quot;:300,&quot;sizes&quot;:[]},&quot;lazyload&quot;:&quot;yes&quot;,&quot;ideal_row_height_tablet&quot;:{&quot;unit&quot;:&quot;px&quot;,&quot;size&quot;:150,&quot;sizes&quot;:[]},&quot;ideal_row_height_mobile&quot;:{&quot;unit&quot;:&quot;px&quot;,&quot;size&quot;:150,&quot;sizes&quot;:[]},&quot;gap&quot;:{&quot;unit&quot;:&quot;px&quot;,&quot;size&quot;:10,&quot;sizes&quot;:[]},&quot;gap_tablet&quot;:{&quot;unit&quot;:&quot;px&quot;,&quot;size&quot;:10,&quot;sizes&quot;:[]},&quot;gap_mobile&quot;:{&quot;unit&quot;:&quot;px&quot;,&quot;size&quot;:10,&quot;sizes&quot;:[]},&quot;overlay_background&quot;:&quot;yes&quot;,&quot;content_hover_animation&quot;:&quot;fade-in&quot;}\" data-widget_type=\"gallery.default\">\n\t\t\t\t<div class=\"elementor-widget-container\">\n\t\t\t\t\t\t\t<div class=\"elementor-gallery__container\">\n\t\t\t\t\t\t\t<div class=\"e-gallery-item elementor-gallery-item elementor-animated-content\">\n\t\t\t\t\t<div class=\"e-gallery-image elementor-gallery-item__image\" data-thumbnail=\"https:\/\/sportbiz.ch\/wp-content\/uploads\/2026\/02\/asmas_bindungsmonteur-kurs_FR_2025-11_atk-5-768x1024.jpeg\" data-width=\"768\" data-height=\"1024\" aria-label=\"\" role=\"img\" ><\/div>\n\t\t\t\t\t\t\t\t\t\t\t<div class=\"elementor-gallery-item__overlay\"><\/div>\n\t\t\t\t\t\t\t\t\t\t\t\t\t\t<\/div>\n\t\t\t\t\t\t\t<div class=\"e-gallery-item elementor-gallery-item elementor-animated-content\">\n\t\t\t\t\t<div class=\"e-gallery-image elementor-gallery-item__image\" data-thumbnail=\"https:\/\/sportbiz.ch\/wp-content\/uploads\/2026\/02\/asmas_bindungsmonteur-kurs_FR_2025-11_atk-2-768x1024.jpeg\" data-width=\"768\" data-height=\"1024\" aria-label=\"\" role=\"img\" ><\/div>\n\t\t\t\t\t\t\t\t\t\t\t<div class=\"elementor-gallery-item__overlay\"><\/div>\n\t\t\t\t\t\t\t\t\t\t\t\t\t\t<\/div>\n\t\t\t\t\t\t\t<div class=\"e-gallery-item elementor-gallery-item elementor-animated-content\">\n\t\t\t\t\t<div class=\"e-gallery-image elementor-gallery-item__image\" data-thumbnail=\"https:\/\/sportbiz.ch\/wp-content\/uploads\/2026\/02\/asmas_bindungsmonteur-kurs_FR_2025-11_atk-7-768x1024.jpeg\" data-width=\"768\" data-height=\"1024\" aria-label=\"\" role=\"img\" ><\/div>\n\t\t\t\t\t\t\t\t\t\t\t<div class=\"elementor-gallery-item__overlay\"><\/div>\n\t\t\t\t\t\t\t\t\t\t\t\t\t\t<\/div>\n\t\t\t\t\t\t\t<div class=\"e-gallery-item elementor-gallery-item elementor-animated-content\">\n\t\t\t\t\t<div class=\"e-gallery-image elementor-gallery-item__image\" data-thumbnail=\"https:\/\/sportbiz.ch\/wp-content\/uploads\/2026\/02\/asmas_bindungsmonteur-kurs_FR_2025-11_atk-4-768x1024.jpeg\" data-width=\"768\" data-height=\"1024\" aria-label=\"\" role=\"img\" ><\/div>\n\t\t\t\t\t\t\t\t\t\t\t<div class=\"elementor-gallery-item__overlay\"><\/div>\n\t\t\t\t\t\t\t\t\t\t\t\t\t\t<\/div>\n\t\t\t\t\t\t\t<div class=\"e-gallery-item elementor-gallery-item elementor-animated-content\">\n\t\t\t\t\t<div class=\"e-gallery-image elementor-gallery-item__image\" data-thumbnail=\"https:\/\/sportbiz.ch\/wp-content\/uploads\/2026\/02\/asmas_bindungsmonteur-kurs_FR_2025-11_dynafit-1-768x1024.jpeg\" data-width=\"768\" data-height=\"1024\" aria-label=\"\" role=\"img\" ><\/div>\n\t\t\t\t\t\t\t\t\t\t\t<div class=\"elementor-gallery-item__overlay\"><\/div>\n\t\t\t\t\t\t\t\t\t\t\t\t\t\t<\/div>\n\t\t\t\t\t\t\t<div class=\"e-gallery-item elementor-gallery-item elementor-animated-content\">\n\t\t\t\t\t<div class=\"e-gallery-image elementor-gallery-item__image\" data-thumbnail=\"https:\/\/sportbiz.ch\/wp-content\/uploads\/2026\/02\/asmas_bindungsmonteur-kurs_FR_2025-11_dynafit-4-1024x768.jpeg\" data-width=\"800\" data-height=\"600\" aria-label=\"\" role=\"img\" ><\/div>\n\t\t\t\t\t\t\t\t\t\t\t<div class=\"elementor-gallery-item__overlay\"><\/div>\n\t\t\t\t\t\t\t\t\t\t\t\t\t\t<\/div>\n\t\t\t\t\t\t\t<div class=\"e-gallery-item elementor-gallery-item elementor-animated-content\">\n\t\t\t\t\t<div class=\"e-gallery-image elementor-gallery-item__image\" data-thumbnail=\"https:\/\/sportbiz.ch\/wp-content\/uploads\/2026\/02\/asmas_bindungsmonteur-kurs_FR_2025-11_dynafit-5-768x1024.jpeg\" data-width=\"768\" data-height=\"1024\" aria-label=\"\" role=\"img\" ><\/div>\n\t\t\t\t\t\t\t\t\t\t\t<div class=\"elementor-gallery-item__overlay\"><\/div>\n\t\t\t\t\t\t\t\t\t\t\t\t\t\t<\/div>\n\t\t\t\t\t\t\t<div class=\"e-gallery-item elementor-gallery-item elementor-animated-content\">\n\t\t\t\t\t<div class=\"e-gallery-image elementor-gallery-item__image\" data-thumbnail=\"https:\/\/sportbiz.ch\/wp-content\/uploads\/2026\/02\/asmas_bindungsmonteur-kurs_FR_2025-11_dynafit-6-768x1024.jpeg\" data-width=\"768\" data-height=\"1024\" aria-label=\"\" role=\"img\" ><\/div>\n\t\t\t\t\t\t\t\t\t\t\t<div class=\"elementor-gallery-item__overlay\"><\/div>\n\t\t\t\t\t\t\t\t\t\t\t\t\t\t<\/div>\n\t\t\t\t\t\t\t<div class=\"e-gallery-item elementor-gallery-item elementor-animated-content\">\n\t\t\t\t\t<div class=\"e-gallery-image elementor-gallery-item__image\" data-thumbnail=\"https:\/\/sportbiz.ch\/wp-content\/uploads\/2026\/02\/asmas_bindungsmonteur-kurs_FR_2025-11_fritschi-2-768x1024.jpeg\" data-width=\"768\" data-height=\"1024\" aria-label=\"\" role=\"img\" ><\/div>\n\t\t\t\t\t\t\t\t\t\t\t<div class=\"elementor-gallery-item__overlay\"><\/div>\n\t\t\t\t\t\t\t\t\t\t\t\t\t\t<\/div>\n\t\t\t\t\t\t\t<div class=\"e-gallery-item elementor-gallery-item elementor-animated-content\">\n\t\t\t\t\t<div class=\"e-gallery-image elementor-gallery-item__image\" data-thumbnail=\"https:\/\/sportbiz.ch\/wp-content\/uploads\/2026\/02\/asmas_bindungsmonteur-kurs_FR_2025-11_fritschi-5-769x1024.jpeg\" data-width=\"769\" data-height=\"1024\" aria-label=\"\" role=\"img\" ><\/div>\n\t\t\t\t\t\t\t\t\t\t\t<div class=\"elementor-gallery-item__overlay\"><\/div>\n\t\t\t\t\t\t\t\t\t\t\t\t\t\t<\/div>\n\t\t\t\t\t\t\t<div class=\"e-gallery-item elementor-gallery-item elementor-animated-content\">\n\t\t\t\t\t<div class=\"e-gallery-image elementor-gallery-item__image\" data-thumbnail=\"https:\/\/sportbiz.ch\/wp-content\/uploads\/2026\/02\/asmas_bindungsmonteur-kurs_FR_2025-11_montana-5-768x1024.jpeg\" data-width=\"768\" data-height=\"1024\" aria-label=\"\" role=\"img\" ><\/div>\n\t\t\t\t\t\t\t\t\t\t\t<div class=\"elementor-gallery-item__overlay\"><\/div>\n\t\t\t\t\t\t\t\t\t\t\t\t\t\t<\/div>\n\t\t\t\t\t\t\t<div class=\"e-gallery-item elementor-gallery-item elementor-animated-content\">\n\t\t\t\t\t<div class=\"e-gallery-image elementor-gallery-item__image\" data-thumbnail=\"https:\/\/sportbiz.ch\/wp-content\/uploads\/2026\/02\/asmas_bindungsmonteur-kurs_FR_2025-11_montana-6-768x1024.jpeg\" data-width=\"768\" data-height=\"1024\" aria-label=\"\" role=\"img\" ><\/div>\n\t\t\t\t\t\t\t\t\t\t\t<div class=\"elementor-gallery-item__overlay\"><\/div>\n\t\t\t\t\t\t\t\t\t\t\t\t\t\t<\/div>\n\t\t\t\t\t\t\t<div class=\"e-gallery-item elementor-gallery-item elementor-animated-content\">\n\t\t\t\t\t<div class=\"e-gallery-image elementor-gallery-item__image\" data-thumbnail=\"https:\/\/sportbiz.ch\/wp-content\/uploads\/2026\/02\/asmas_bindungsmonteur-kurs_FR_2025-11_montana-768x1024.jpeg\" data-width=\"768\" data-height=\"1024\" aria-label=\"\" role=\"img\" ><\/div>\n\t\t\t\t\t\t\t\t\t\t\t<div class=\"elementor-gallery-item__overlay\"><\/div>\n\t\t\t\t\t\t\t\t\t\t\t\t\t\t<\/div>\n\t\t\t\t\t\t\t<div class=\"e-gallery-item elementor-gallery-item elementor-animated-content\">\n\t\t\t\t\t<div class=\"e-gallery-image elementor-gallery-item__image\" data-thumbnail=\"https:\/\/sportbiz.ch\/wp-content\/uploads\/2026\/02\/asmas_bindungsmonteur-kurs_FR_2025-11_atomic-4-768x1024.jpeg\" data-width=\"768\" data-height=\"1024\" aria-label=\"\" role=\"img\" ><\/div>\n\t\t\t\t\t\t\t\t\t\t\t<div class=\"elementor-gallery-item__overlay\"><\/div>\n\t\t\t\t\t\t\t\t\t\t\t\t\t\t<\/div>\n\t\t\t\t\t\t\t<div class=\"e-gallery-item elementor-gallery-item elementor-animated-content\">\n\t\t\t\t\t<div class=\"e-gallery-image elementor-gallery-item__image\" data-thumbnail=\"https:\/\/sportbiz.ch\/wp-content\/uploads\/2026\/02\/asmas_bindungsmonteur-kurs_FR_2025-11_atomic-1-769x1024.jpeg\" data-width=\"769\" data-height=\"1024\" aria-label=\"\" role=\"img\" ><\/div>\n\t\t\t\t\t\t\t\t\t\t\t<div class=\"elementor-gallery-item__overlay\"><\/div>\n\t\t\t\t\t\t\t\t\t\t\t\t\t\t<\/div>\n\t\t\t\t\t\t\t<div class=\"e-gallery-item elementor-gallery-item elementor-animated-content\">\n\t\t\t\t\t<div class=\"e-gallery-image elementor-gallery-item__image\" data-thumbnail=\"https:\/\/sportbiz.ch\/wp-content\/uploads\/2026\/02\/asmas_bindungsmonteur-kurs_FR_2025-11_atomic-3-768x1024.jpeg\" data-width=\"768\" data-height=\"1024\" aria-label=\"\" role=\"img\" ><\/div>\n\t\t\t\t\t\t\t\t\t\t\t<div class=\"elementor-gallery-item__overlay\"><\/div>\n\t\t\t\t\t\t\t\t\t\t\t\t\t\t<\/div>\n\t\t\t\t\t\t\t<div class=\"e-gallery-item elementor-gallery-item elementor-animated-content\">\n\t\t\t\t\t<div class=\"e-gallery-image elementor-gallery-item__image\" data-thumbnail=\"https:\/\/sportbiz.ch\/wp-content\/uploads\/2026\/02\/asmas_bindungsmonteur-kurs_FR_2025-11_dynafit-9-768x1024.jpeg\" data-width=\"768\" data-height=\"1024\" aria-label=\"\" role=\"img\" ><\/div>\n\t\t\t\t\t\t\t\t\t\t\t<div class=\"elementor-gallery-item__overlay\"><\/div>\n\t\t\t\t\t\t\t\t\t\t\t\t\t\t<\/div>\n\t\t\t\t\t\t\t<div class=\"e-gallery-item elementor-gallery-item elementor-animated-content\">\n\t\t\t\t\t<div class=\"e-gallery-image elementor-gallery-item__image\" data-thumbnail=\"https:\/\/sportbiz.ch\/wp-content\/uploads\/2026\/02\/asmas_bindungsmonteur-kurs_FR_2025-11_wintersteiger-1-576x1024.jpeg\" data-width=\"576\" data-height=\"1024\" aria-label=\"\" role=\"img\" ><\/div>\n\t\t\t\t\t\t\t\t\t\t\t<div class=\"elementor-gallery-item__overlay\"><\/div>\n\t\t\t\t\t\t\t\t\t\t\t\t\t\t<\/div>\n\t\t\t\t\t\t\t<div class=\"e-gallery-item elementor-gallery-item elementor-animated-content\">\n\t\t\t\t\t<div class=\"e-gallery-image elementor-gallery-item__image\" data-thumbnail=\"https:\/\/sportbiz.ch\/wp-content\/uploads\/2026\/02\/asmas_bindungsmonteur-kurs_FR_2025-11_wintersteiger-2-768x1024.jpeg\" data-width=\"768\" data-height=\"1024\" aria-label=\"\" role=\"img\" ><\/div>\n\t\t\t\t\t\t\t\t\t\t\t<div class=\"elementor-gallery-item__overlay\"><\/div>\n\t\t\t\t\t\t\t\t\t\t\t\t\t\t<\/div>\n\t\t\t\t\t<\/div>\n\t\t\t\t\t<\/div>\n\t\t\t\t<\/div>\n\t\t\t\t<\/div>\n\t\t\t\t<\/div>\n\t\t","protected":false},"excerpt":{"rendered":"<p>Cours de monteur de fixations ASMAS Sportfachhandel Schweiz organise un cours sp\u00e9cialis\u00e9 sur le montage et le r\u00e9glage des fixations de ski et de randonn\u00e9e conform\u00e9ment aux normes. En cours de r\u00e9vision - bient\u00f4t nouveau pour vous. Le contenu du cours de monteur de fixations est actuellement mis \u00e0 jour et d\u00e9velopp\u00e9 de mani\u00e8re pratique. [&hellip;]<\/p>\n","protected":false},"author":8,"featured_media":0,"parent":179485,"menu_order":0,"comment_status":"closed","ping_status":"closed","template":"","meta":{"_acf_changed":false,"footnotes":""},"class_list":["post-179783","page","type-page","status-publish","hentry"],"yoast_head":"<!-- This site is optimized with the Yoast SEO plugin v27.3 - https:\/\/yoast.com\/product\/yoast-seo-wordpress\/ -->\n<title>Monteur de fixations - Sportbiz<\/title>\n<meta name=\"robots\" content=\"index, follow, max-snippet:-1, max-image-preview:large, max-video-preview:-1\" \/>\n<link rel=\"canonical\" href=\"https:\/\/sportbiz.ch\/fr\/education\/cours\/monteur-de-fixations\/\" \/>\n<meta property=\"og:locale\" content=\"fr_FR\" \/>\n<meta property=\"og:type\" content=\"article\" \/>\n<meta property=\"og:title\" content=\"Monteur de fixations - Sportbiz\" \/>\n<meta property=\"og:description\" content=\"Cours de monteur de fixations ASMAS Sportfachhandel Schweiz organise un cours sp\u00e9cialis\u00e9 sur le montage et le r\u00e9glage des fixations de ski et de randonn\u00e9e conform\u00e9ment aux normes. En cours de r\u00e9vision - bient\u00f4t nouveau pour vous. Le contenu du cours de monteur de fixations est actuellement mis \u00e0 jour et d\u00e9velopp\u00e9 de mani\u00e8re pratique. [&hellip;]\" \/>\n<meta property=\"og:url\" content=\"https:\/\/sportbiz.ch\/fr\/education\/cours\/monteur-de-fixations\/\" \/>\n<meta property=\"og:site_name\" content=\"Sportbiz\" \/>\n<meta property=\"article:publisher\" content=\"https:\/\/www.facebook.com\/sportbizbyasmas\" \/>\n<meta property=\"article:modified_time\" content=\"2026-04-14T13:14:11+00:00\" \/>\n<meta name=\"twitter:card\" content=\"summary_large_image\" \/>\n<script type=\"application\/ld+json\" class=\"yoast-schema-graph\">{\"@context\":\"https:\\\/\\\/schema.org\",\"@graph\":[{\"@type\":\"WebPage\",\"@id\":\"https:\\\/\\\/sportbiz.ch\\\/fr\\\/education\\\/cours\\\/monteur-de-fixations\\\/\",\"url\":\"https:\\\/\\\/sportbiz.ch\\\/fr\\\/education\\\/cours\\\/monteur-de-fixations\\\/\",\"name\":\"Monteur de fixations - Sportbiz\",\"isPartOf\":{\"@id\":\"https:\\\/\\\/sportbiz.ch\\\/fr\\\/#website\"},\"datePublished\":\"2025-10-06T14:53:23+00:00\",\"dateModified\":\"2026-04-14T13:14:11+00:00\",\"breadcrumb\":{\"@id\":\"https:\\\/\\\/sportbiz.ch\\\/fr\\\/education\\\/cours\\\/monteur-de-fixations\\\/#breadcrumb\"},\"inLanguage\":\"fr-FR\",\"potentialAction\":[{\"@type\":\"ReadAction\",\"target\":[\"https:\\\/\\\/sportbiz.ch\\\/fr\\\/education\\\/cours\\\/monteur-de-fixations\\\/\"]}]},{\"@type\":\"BreadcrumbList\",\"@id\":\"https:\\\/\\\/sportbiz.ch\\\/fr\\\/education\\\/cours\\\/monteur-de-fixations\\\/#breadcrumb\",\"itemListElement\":[{\"@type\":\"ListItem\",\"position\":1,\"name\":\"Home\",\"item\":\"https:\\\/\\\/sportbiz.ch\\\/fr\\\/page-daccueil\\\/\"},{\"@type\":\"ListItem\",\"position\":2,\"name\":\"\u00c9ducation\",\"item\":\"https:\\\/\\\/sportbiz.ch\\\/fr\\\/education\\\/\"},{\"@type\":\"ListItem\",\"position\":3,\"name\":\"Cours\",\"item\":\"https:\\\/\\\/sportbiz.ch\\\/fr\\\/education\\\/cours\\\/\"},{\"@type\":\"ListItem\",\"position\":4,\"name\":\"Monteur de fixations\"}]},{\"@type\":\"WebSite\",\"@id\":\"https:\\\/\\\/sportbiz.ch\\\/fr\\\/#website\",\"url\":\"https:\\\/\\\/sportbiz.ch\\\/fr\\\/\",\"name\":\"Sportbiz\",\"description\":\"Schweizer Sportartikelbranche Online: ASMAS Verband Schweizer Sportfachhandel, \u00abSpaf\u00bb Verband Schweiz. Sportartikel-Lieferanten\",\"publisher\":{\"@id\":\"https:\\\/\\\/sportbiz.ch\\\/fr\\\/#organization\"},\"potentialAction\":[{\"@type\":\"SearchAction\",\"target\":{\"@type\":\"EntryPoint\",\"urlTemplate\":\"https:\\\/\\\/sportbiz.ch\\\/fr\\\/?s={search_term_string}\"},\"query-input\":{\"@type\":\"PropertyValueSpecification\",\"valueRequired\":true,\"valueName\":\"search_term_string\"}}],\"inLanguage\":\"fr-FR\"},{\"@type\":\"Organization\",\"@id\":\"https:\\\/\\\/sportbiz.ch\\\/fr\\\/#organization\",\"name\":\"ASMAS Sportfachhandel Schweiz\",\"url\":\"https:\\\/\\\/sportbiz.ch\\\/fr\\\/\",\"logo\":{\"@type\":\"ImageObject\",\"inLanguage\":\"fr-FR\",\"@id\":\"https:\\\/\\\/sportbiz.ch\\\/fr\\\/#\\\/schema\\\/logo\\\/image\\\/\",\"url\":\"https:\\\/\\\/sportbiz.ch\\\/wp-content\\\/uploads\\\/2023\\\/02\\\/sportbiz_Logo_72dpi.jpg\",\"contentUrl\":\"https:\\\/\\\/sportbiz.ch\\\/wp-content\\\/uploads\\\/2023\\\/02\\\/sportbiz_Logo_72dpi.jpg\",\"width\":520,\"height\":204,\"caption\":\"ASMAS Sportfachhandel Schweiz\"},\"image\":{\"@id\":\"https:\\\/\\\/sportbiz.ch\\\/fr\\\/#\\\/schema\\\/logo\\\/image\\\/\"},\"sameAs\":[\"https:\\\/\\\/www.facebook.com\\\/sportbizbyasmas\",\"https:\\\/\\\/www.linkedin.com\\\/company\\\/sportbizbyasmas\\\/\",\"https:\\\/\\\/www.instagram.com\\\/sportbiz.ch_by_asmas\\\/\",\"https:\\\/\\\/www.youtube.com\\\/channel\\\/UC_WL3nmvFlpl_sUNQofksqQ\"]}]}<\/script>\n<!-- \/ Yoast SEO plugin. -->","yoast_head_json":{"title":"Monteur de fixations - Sportbiz","robots":{"index":"index","follow":"follow","max-snippet":"max-snippet:-1","max-image-preview":"max-image-preview:large","max-video-preview":"max-video-preview:-1"},"canonical":"https:\/\/sportbiz.ch\/fr\/education\/cours\/monteur-de-fixations\/","og_locale":"fr_FR","og_type":"article","og_title":"Monteur de fixations - Sportbiz","og_description":"Cours de monteur de fixations ASMAS Sportfachhandel Schweiz organise un cours sp\u00e9cialis\u00e9 sur le montage et le r\u00e9glage des fixations de ski et de randonn\u00e9e conform\u00e9ment aux normes. En cours de r\u00e9vision - bient\u00f4t nouveau pour vous. Le contenu du cours de monteur de fixations est actuellement mis \u00e0 jour et d\u00e9velopp\u00e9 de mani\u00e8re pratique. [&hellip;]","og_url":"https:\/\/sportbiz.ch\/fr\/education\/cours\/monteur-de-fixations\/","og_site_name":"Sportbiz","article_publisher":"https:\/\/www.facebook.com\/sportbizbyasmas","article_modified_time":"2026-04-14T13:14:11+00:00","twitter_card":"summary_large_image","schema":{"@context":"https:\/\/schema.org","@graph":[{"@type":"WebPage","@id":"https:\/\/sportbiz.ch\/fr\/education\/cours\/monteur-de-fixations\/","url":"https:\/\/sportbiz.ch\/fr\/education\/cours\/monteur-de-fixations\/","name":"Monteur de fixations - Sportbiz","isPartOf":{"@id":"https:\/\/sportbiz.ch\/fr\/#website"},"datePublished":"2025-10-06T14:53:23+00:00","dateModified":"2026-04-14T13:14:11+00:00","breadcrumb":{"@id":"https:\/\/sportbiz.ch\/fr\/education\/cours\/monteur-de-fixations\/#breadcrumb"},"inLanguage":"fr-FR","potentialAction":[{"@type":"ReadAction","target":["https:\/\/sportbiz.ch\/fr\/education\/cours\/monteur-de-fixations\/"]}]},{"@type":"BreadcrumbList","@id":"https:\/\/sportbiz.ch\/fr\/education\/cours\/monteur-de-fixations\/#breadcrumb","itemListElement":[{"@type":"ListItem","position":1,"name":"Home","item":"https:\/\/sportbiz.ch\/fr\/page-daccueil\/"},{"@type":"ListItem","position":2,"name":"\u00c9ducation","item":"https:\/\/sportbiz.ch\/fr\/education\/"},{"@type":"ListItem","position":3,"name":"Cours","item":"https:\/\/sportbiz.ch\/fr\/education\/cours\/"},{"@type":"ListItem","position":4,"name":"Monteur de fixations"}]},{"@type":"WebSite","@id":"https:\/\/sportbiz.ch\/fr\/#website","url":"https:\/\/sportbiz.ch\/fr\/","name":"Sportbiz","description":"Schweizer Sportartikelbranche Online: ASMAS Verband Schweizer Sportfachhandel, \u00abSpaf\u00bb Verband Schweiz. Sportartikel-Lieferanten","publisher":{"@id":"https:\/\/sportbiz.ch\/fr\/#organization"},"potentialAction":[{"@type":"SearchAction","target":{"@type":"EntryPoint","urlTemplate":"https:\/\/sportbiz.ch\/fr\/?s={search_term_string}"},"query-input":{"@type":"PropertyValueSpecification","valueRequired":true,"valueName":"search_term_string"}}],"inLanguage":"fr-FR"},{"@type":"Organization","@id":"https:\/\/sportbiz.ch\/fr\/#organization","name":"ASMAS Sportfachhandel Schweiz","url":"https:\/\/sportbiz.ch\/fr\/","logo":{"@type":"ImageObject","inLanguage":"fr-FR","@id":"https:\/\/sportbiz.ch\/fr\/#\/schema\/logo\/image\/","url":"https:\/\/sportbiz.ch\/wp-content\/uploads\/2023\/02\/sportbiz_Logo_72dpi.jpg","contentUrl":"https:\/\/sportbiz.ch\/wp-content\/uploads\/2023\/02\/sportbiz_Logo_72dpi.jpg","width":520,"height":204,"caption":"ASMAS Sportfachhandel Schweiz"},"image":{"@id":"https:\/\/sportbiz.ch\/fr\/#\/schema\/logo\/image\/"},"sameAs":["https:\/\/www.facebook.com\/sportbizbyasmas","https:\/\/www.linkedin.com\/company\/sportbizbyasmas\/","https:\/\/www.instagram.com\/sportbiz.ch_by_asmas\/","https:\/\/www.youtube.com\/channel\/UC_WL3nmvFlpl_sUNQofksqQ"]}]}},"_links":{"self":[{"href":"https:\/\/sportbiz.ch\/fr\/wp-json\/wp\/v2\/pages\/179783","targetHints":{"allow":["GET"]}}],"collection":[{"href":"https:\/\/sportbiz.ch\/fr\/wp-json\/wp\/v2\/pages"}],"about":[{"href":"https:\/\/sportbiz.ch\/fr\/wp-json\/wp\/v2\/types\/page"}],"author":[{"embeddable":true,"href":"https:\/\/sportbiz.ch\/fr\/wp-json\/wp\/v2\/users\/8"}],"replies":[{"embeddable":true,"href":"https:\/\/sportbiz.ch\/fr\/wp-json\/wp\/v2\/comments?post=179783"}],"version-history":[{"count":3,"href":"https:\/\/sportbiz.ch\/fr\/wp-json\/wp\/v2\/pages\/179783\/revisions"}],"predecessor-version":[{"id":179807,"href":"https:\/\/sportbiz.ch\/fr\/wp-json\/wp\/v2\/pages\/179783\/revisions\/179807"}],"up":[{"embeddable":true,"href":"https:\/\/sportbiz.ch\/fr\/wp-json\/wp\/v2\/pages\/179485"}],"wp:attachment":[{"href":"https:\/\/sportbiz.ch\/fr\/wp-json\/wp\/v2\/media?parent=179783"}],"curies":[{"name":"wp","href":"https:\/\/api.w.org\/{rel}","templated":true}]}}