{"id":179461,"date":"2025-10-06T16:51:18","date_gmt":"2025-10-06T14:51:18","guid":{"rendered":"https:\/\/sportbiz.ch\/academie-de-bootfitting\/"},"modified":"2026-04-14T15:10:12","modified_gmt":"2026-04-14T13:10:12","slug":"academie-de-bootfitting","status":"publish","type":"page","link":"https:\/\/sportbiz.ch\/fr\/education\/cours\/academie-de-bootfitting\/","title":{"rendered":"Acad\u00e9mie de bootfitting"},"content":{"rendered":"\t\t<div data-elementor-type=\"wp-page\" data-elementor-id=\"179461\" class=\"elementor elementor-179461 elementor-74423\" data-elementor-post-type=\"page\">\n\t\t\t\t\t\t<section class=\"elementor-section elementor-top-section elementor-element elementor-element-2be6a02 elementor-section-boxed elementor-section-height-default elementor-section-height-default\" data-id=\"2be6a02\" data-element_type=\"section\" data-e-type=\"section\" data-settings=\"{&quot;background_background&quot;:&quot;classic&quot;}\">\n\t\t\t\t\t\t<div class=\"elementor-container elementor-column-gap-default\">\n\t\t\t\t\t<div class=\"elementor-column elementor-col-100 elementor-top-column elementor-element elementor-element-3e8698cb\" data-id=\"3e8698cb\" data-element_type=\"column\" data-e-type=\"column\">\n\t\t\t<div class=\"elementor-widget-wrap elementor-element-populated\">\n\t\t\t\t\t\t<div class=\"elementor-element elementor-element-31093970 elementor-widget elementor-widget-heading\" data-id=\"31093970\" data-element_type=\"widget\" data-e-type=\"widget\" data-widget_type=\"heading.default\">\n\t\t\t\t<div class=\"elementor-widget-container\">\n\t\t\t\t\t<h1 class=\"elementor-heading-title elementor-size-default\">Bootfitting Academy - Renforcer les comp\u00e9tences des magasins de sport<\/h1>\t\t\t\t<\/div>\n\t\t\t\t<\/div>\n\t\t\t\t<div class=\"elementor-element elementor-element-ccb7e9c elementor-widget elementor-widget-image\" data-id=\"ccb7e9c\" data-element_type=\"widget\" data-e-type=\"widget\" data-widget_type=\"image.default\">\n\t\t\t\t<div class=\"elementor-widget-container\">\n\t\t\t\t\t\t\t\t\t\t\t\t\t\t\t<img fetchpriority=\"high\" decoding=\"async\" width=\"800\" height=\"575\" src=\"https:\/\/sportbiz.ch\/wp-content\/uploads\/2025\/12\/Logo_SIDAS-ACADEMY_black.png\" class=\"attachment-large size-large wp-image-179464\" alt=\"\" srcset=\"https:\/\/sportbiz.ch\/wp-content\/uploads\/2025\/12\/Logo_SIDAS-ACADEMY_black.png 1020w, https:\/\/sportbiz.ch\/wp-content\/uploads\/2025\/12\/Logo_SIDAS-ACADEMY_black-300x216.png 300w, https:\/\/sportbiz.ch\/wp-content\/uploads\/2025\/12\/Logo_SIDAS-ACADEMY_black-768x552.png 768w, https:\/\/sportbiz.ch\/wp-content\/uploads\/2025\/12\/Logo_SIDAS-ACADEMY_black-600x431.png 600w\" sizes=\"(max-width: 800px) 100vw, 800px\" \/>\t\t\t\t\t\t\t\t\t\t\t\t\t\t\t<\/div>\n\t\t\t\t<\/div>\n\t\t\t\t\t<\/div>\n\t\t<\/div>\n\t\t\t\t\t<\/div>\n\t\t<\/section>\n\t\t<div class=\"elementor-element elementor-element-af7c309 e-flex e-con-boxed e-con e-parent\" data-id=\"af7c309\" data-element_type=\"container\" data-e-type=\"container\">\n\t\t\t\t\t<div class=\"e-con-inner\">\n\t\t\t\t<div class=\"elementor-element elementor-element-cb854be elementor-widget elementor-widget-text-editor\" data-id=\"cb854be\" data-element_type=\"widget\" data-e-type=\"widget\" data-widget_type=\"text-editor.default\">\n\t\t\t\t<div class=\"elementor-widget-container\">\n\t\t\t\t\t\t\t\t\tLes chaussures personnalis\u00e9es sont synonymes de confort, de performance et de satisfaction du client. Pour les magasins de sport, la qualit\u00e9 du service et l&rsquo;expertise professionnelle sont des facteurs de diff\u00e9renciation d\u00e9cisifs - en particulier pour les produits n\u00e9cessitant de nombreux conseils, comme les chaussures de ski ou de trail running. \t\t\t\t\t\t\t\t<\/div>\n\t\t\t\t<\/div>\n\t\t\t\t<div class=\"elementor-element elementor-element-6ae9585 elementor-widget elementor-widget-text-editor\" data-id=\"6ae9585\" data-element_type=\"widget\" data-e-type=\"widget\" data-widget_type=\"text-editor.default\">\n\t\t\t\t<div class=\"elementor-widget-container\">\n\t\t\t\t\t\t\t\t\t<p>Le bootfitting professionnel repose sur l&rsquo;<strong> interaction harmonieuse entre la chaussure, la semelle int\u00e9rieure personnalis\u00e9e et les chaussettes fonctionnelles<\/strong>. Ce syst\u00e8me am\u00e9liore l&rsquo;assise, la stabilit\u00e9 et la transmission des forces, r\u00e9duit la fatigue et augmente les performances. <\/p>\t\t\t\t\t\t\t\t<\/div>\n\t\t\t\t<\/div>\n\t\t\t\t<div class=\"elementor-element elementor-element-0c4ed19 elementor-widget elementor-widget-text-editor\" data-id=\"0c4ed19\" data-element_type=\"widget\" data-e-type=\"widget\" data-widget_type=\"text-editor.default\">\n\t\t\t\t<div class=\"elementor-widget-container\">\n\t\t\t\t\t\t\t\t\t<p>La <strong>Bootfitting Academy<\/strong> d&rsquo;ASMAS Sportfachhandel Schweiz, en collaboration avec la <strong>SIDAS Academy<\/strong>, transmet un solide savoir-faire en anatomie, biom\u00e9canique, performance et adaptation des chaussures. La formation continue est dispens\u00e9e de mani\u00e8re neutre par rapport aux marques et se base sur plus de 50 ans d&rsquo;exp\u00e9rience dans le domaine de l&rsquo;analyse du pied et des comp\u00e9tences d&rsquo;adaptation. <\/p>\t\t\t\t\t\t\t\t<\/div>\n\t\t\t\t<\/div>\n\t\t\t\t<div class=\"elementor-element elementor-element-e8bf690 elementor-widget elementor-widget-text-editor\" data-id=\"e8bf690\" data-element_type=\"widget\" data-e-type=\"widget\" data-widget_type=\"text-editor.default\">\n\t\t\t\t<div class=\"elementor-widget-container\">\n\t\t\t\t\t\t\t\t\tL&rsquo;objectif est d&rsquo;\u00e9tablir le bootfitting comme une comp\u00e9tence de service strat\u00e9gique dans le commerce sp\u00e9cialis\u00e9 - afin d&rsquo;am\u00e9liorer la qualit\u00e9 du conseil, de favoriser les ventes suppl\u00e9mentaires et de fid\u00e9liser durablement les clients.\t\t\t\t\t\t\t\t<\/div>\n\t\t\t\t<\/div>\n\t\t\t\t\t<\/div>\n\t\t\t\t<\/div>\n\t\t<div class=\"elementor-element elementor-element-2a043c5 e-flex e-con-boxed e-con e-parent\" data-id=\"2a043c5\" data-element_type=\"container\" data-e-type=\"container\">\n\t\t\t\t\t<div class=\"e-con-inner\">\n\t\t\t\t<div class=\"elementor-element elementor-element-2429411 elementor-widget elementor-widget-heading\" data-id=\"2429411\" data-element_type=\"widget\" data-e-type=\"widget\" data-widget_type=\"heading.default\">\n\t\t\t\t<div class=\"elementor-widget-container\">\n\t\t\t\t\t<h2 class=\"elementor-heading-title elementor-size-default\">Offres de formation continue<\/h2>\t\t\t\t<\/div>\n\t\t\t\t<\/div>\n\t\t\t\t\t<\/div>\n\t\t\t\t<\/div>\n\t\t<div class=\"elementor-element elementor-element-7719789 e-flex e-con-boxed e-con e-parent\" data-id=\"7719789\" data-element_type=\"container\" data-e-type=\"container\">\n\t\t\t\t\t<div class=\"e-con-inner\">\n\t\t<div class=\"elementor-element elementor-element-c92208e e-con-full e-flex e-con e-child\" data-id=\"c92208e\" data-element_type=\"container\" data-e-type=\"container\">\n\t\t\t\t<div class=\"elementor-element elementor-element-bc4e6c7 elementor-widget elementor-widget-image\" data-id=\"bc4e6c7\" data-element_type=\"widget\" data-e-type=\"widget\" data-widget_type=\"image.default\">\n\t\t\t\t<div class=\"elementor-widget-container\">\n\t\t\t\t\t\t\t\t\t\t\t\t\t\t\t<img decoding=\"async\" src=\"https:\/\/sportbiz.ch\/wp-content\/uploads\/elementor\/thumbs\/asmas_sidas_trail-academy_2026-rjqbcs8vusm58t2n4zpr4suwkqnly576xm1v04gj2g.jpg\" title=\"asmas_sidas_trail academy_2026\" alt=\"asmas_sidas_trail academy_2026\" loading=\"lazy\" \/>\t\t\t\t\t\t\t\t\t\t\t\t\t\t\t<\/div>\n\t\t\t\t<\/div>\n\t\t\t\t<div class=\"elementor-element elementor-element-3b3bbbf elementor-widget elementor-widget-heading\" data-id=\"3b3bbbf\" data-element_type=\"widget\" data-e-type=\"widget\" data-widget_type=\"heading.default\">\n\t\t\t\t<div class=\"elementor-widget-container\">\n\t\t\t\t\t<h3 class=\"elementor-heading-title elementor-size-default\">Trail Academy - Comp\u00e9tence dans le domaine du trail running<\/h3>\t\t\t\t<\/div>\n\t\t\t\t<\/div>\n\t\t\t\t<div class=\"elementor-element elementor-element-2382266 elementor-widget elementor-widget-button\" data-id=\"2382266\" data-element_type=\"widget\" data-e-type=\"widget\" data-widget_type=\"button.default\">\n\t\t\t\t<div class=\"elementor-widget-container\">\n\t\t\t\t\t\t\t\t\t<div class=\"elementor-button-wrapper\">\n\t\t\t\t\t<a class=\"elementor-button elementor-button-link elementor-size-sm\" href=\"https:\/\/sportbiz.ch\/fr\/education\/cours\/academie-de-bootfitting\/academie-de-trail\/\">\n\t\t\t\t\t\t<span class=\"elementor-button-content-wrapper\">\n\t\t\t\t\t\t<span class=\"elementor-button-icon\">\n\t\t\t\t<svg aria-hidden=\"true\" class=\"e-font-icon-svg e-fas-chevron-circle-right\" viewBox=\"0 0 512 512\" xmlns=\"http:\/\/www.w3.org\/2000\/svg\"><path d=\"M256 8c137 0 248 111 248 248S393 504 256 504 8 393 8 256 119 8 256 8zm113.9 231L234.4 103.5c-9.4-9.4-24.6-9.4-33.9 0l-17 17c-9.4 9.4-9.4 24.6 0 33.9L285.1 256 183.5 357.6c-9.4 9.4-9.4 24.6 0 33.9l17 17c9.4 9.4 24.6 9.4 33.9 0L369.9 273c9.4-9.4 9.4-24.6 0-34z\"><\/path><\/svg>\t\t\t<\/span>\n\t\t\t\t\t\t\t\t\t<span class=\"elementor-button-text\">Acad\u00e9mie de trail<\/span>\n\t\t\t\t\t<\/span>\n\t\t\t\t\t<\/a>\n\t\t\t\t<\/div>\n\t\t\t\t\t\t\t\t<\/div>\n\t\t\t\t<\/div>\n\t\t\t\t<\/div>\n\t\t<div class=\"elementor-element elementor-element-2b7a6e4 e-con-full e-flex e-con e-child\" data-id=\"2b7a6e4\" data-element_type=\"container\" data-e-type=\"container\">\n\t\t\t\t<div class=\"elementor-element elementor-element-56d5fff elementor-widget elementor-widget-image\" data-id=\"56d5fff\" data-element_type=\"widget\" data-e-type=\"widget\" data-widget_type=\"image.default\">\n\t\t\t\t<div class=\"elementor-widget-container\">\n\t\t\t\t\t\t\t\t\t\t\t\t\t\t\t<img decoding=\"async\" src=\"https:\/\/sportbiz.ch\/wp-content\/uploads\/elementor\/thumbs\/sportbiz_asmas_sidas_bootfitting_web-rjojwhuv7djmlpxcunrwq4mzagom95sxyej509sefk.jpg\" title=\"sportbiz_asmas_sidas_bootfitting_web\" alt=\"sportbiz_asmas_sidas_bootfitting_web\" loading=\"lazy\" \/>\t\t\t\t\t\t\t\t\t\t\t\t\t\t\t<\/div>\n\t\t\t\t<\/div>\n\t\t\t\t<div class=\"elementor-element elementor-element-7b7e109 elementor-widget elementor-widget-heading\" data-id=\"7b7e109\" data-element_type=\"widget\" data-e-type=\"widget\" data-widget_type=\"heading.default\">\n\t\t\t\t<div class=\"elementor-widget-container\">\n\t\t\t\t\t<h3 class=\"elementor-heading-title elementor-size-default\">Skibootfitting - Sp\u00e9cialisation dans les sports d'hiver<\/h3>\t\t\t\t<\/div>\n\t\t\t\t<\/div>\n\t\t\t\t<div class=\"elementor-element elementor-element-ef79603 elementor-widget elementor-widget-button\" data-id=\"ef79603\" data-element_type=\"widget\" data-e-type=\"widget\" data-widget_type=\"button.default\">\n\t\t\t\t<div class=\"elementor-widget-container\">\n\t\t\t\t\t\t\t\t\t<div class=\"elementor-button-wrapper\">\n\t\t\t\t\t<a class=\"elementor-button elementor-button-link elementor-size-sm\" href=\"https:\/\/sportbiz.ch\/fr\/education\/cours\/academie-de-bootfitting\/skibootfitting\/\">\n\t\t\t\t\t\t<span class=\"elementor-button-content-wrapper\">\n\t\t\t\t\t\t<span class=\"elementor-button-icon\">\n\t\t\t\t<svg aria-hidden=\"true\" class=\"e-font-icon-svg e-fas-chevron-circle-right\" viewBox=\"0 0 512 512\" xmlns=\"http:\/\/www.w3.org\/2000\/svg\"><path d=\"M256 8c137 0 248 111 248 248S393 504 256 504 8 393 8 256 119 8 256 8zm113.9 231L234.4 103.5c-9.4-9.4-24.6-9.4-33.9 0l-17 17c-9.4 9.4-9.4 24.6 0 33.9L285.1 256 183.5 357.6c-9.4 9.4-9.4 24.6 0 33.9l17 17c9.4 9.4 24.6 9.4 33.9 0L369.9 273c9.4-9.4 9.4-24.6 0-34z\"><\/path><\/svg>\t\t\t<\/span>\n\t\t\t\t\t\t\t\t\t<span class=\"elementor-button-text\">Skibootfitting<\/span>\n\t\t\t\t\t<\/span>\n\t\t\t\t\t<\/a>\n\t\t\t\t<\/div>\n\t\t\t\t\t\t\t\t<\/div>\n\t\t\t\t<\/div>\n\t\t\t\t<\/div>\n\t\t\t\t\t<\/div>\n\t\t\t\t<\/div>\n\t\t\t\t<\/div>\n\t\t","protected":false},"excerpt":{"rendered":"<p>Bootfitting Academy - Renforcer les comp\u00e9tences des magasins de sport Les chaussures personnalis\u00e9es sont synonymes de confort, de performance et de satisfaction du client. Pour les magasins de sport, la qualit\u00e9 du service et l&rsquo;expertise professionnelle sont des facteurs de diff\u00e9renciation d\u00e9cisifs - en particulier pour les produits n\u00e9cessitant de nombreux conseils, comme les chaussures [&hellip;]<\/p>\n","protected":false},"author":8,"featured_media":0,"parent":179485,"menu_order":0,"comment_status":"closed","ping_status":"closed","template":"","meta":{"_acf_changed":false,"footnotes":""},"class_list":["post-179461","page","type-page","status-publish","hentry"],"yoast_head":"<!-- This site is optimized with the Yoast SEO plugin v27.3 - https:\/\/yoast.com\/product\/yoast-seo-wordpress\/ -->\n<title>Acad\u00e9mie de bootfitting - Sportbiz<\/title>\n<meta name=\"robots\" content=\"index, follow, max-snippet:-1, max-image-preview:large, max-video-preview:-1\" \/>\n<link rel=\"canonical\" href=\"https:\/\/sportbiz.ch\/fr\/education\/cours\/academie-de-bootfitting\/\" \/>\n<meta property=\"og:locale\" content=\"fr_FR\" \/>\n<meta property=\"og:type\" content=\"article\" \/>\n<meta property=\"og:title\" content=\"Acad\u00e9mie de bootfitting - Sportbiz\" \/>\n<meta property=\"og:description\" content=\"Bootfitting Academy - Renforcer les comp\u00e9tences des magasins de sport Les chaussures personnalis\u00e9es sont synonymes de confort, de performance et de satisfaction du client. Pour les magasins de sport, la qualit\u00e9 du service et l&rsquo;expertise professionnelle sont des facteurs de diff\u00e9renciation d\u00e9cisifs - en particulier pour les produits n\u00e9cessitant de nombreux conseils, comme les chaussures [&hellip;]\" \/>\n<meta property=\"og:url\" content=\"https:\/\/sportbiz.ch\/fr\/education\/cours\/academie-de-bootfitting\/\" \/>\n<meta property=\"og:site_name\" content=\"Sportbiz\" \/>\n<meta property=\"article:publisher\" content=\"https:\/\/www.facebook.com\/sportbizbyasmas\" \/>\n<meta property=\"article:modified_time\" content=\"2026-04-14T13:10:12+00:00\" \/>\n<meta property=\"og:image\" content=\"https:\/\/sportbiz.ch\/wp-content\/uploads\/2025\/12\/Logo_SIDAS-ACADEMY_black.png\" \/>\n\t<meta property=\"og:image:width\" content=\"1020\" \/>\n\t<meta property=\"og:image:height\" content=\"733\" \/>\n\t<meta property=\"og:image:type\" content=\"image\/png\" \/>\n<meta name=\"twitter:card\" content=\"summary_large_image\" \/>\n<meta name=\"twitter:label1\" content=\"Dur\u00e9e de lecture estim\u00e9e\" \/>\n\t<meta name=\"twitter:data1\" content=\"1 minute\" \/>\n<script type=\"application\/ld+json\" class=\"yoast-schema-graph\">{\"@context\":\"https:\\\/\\\/schema.org\",\"@graph\":[{\"@type\":\"WebPage\",\"@id\":\"https:\\\/\\\/sportbiz.ch\\\/fr\\\/education\\\/cours\\\/academie-de-bootfitting\\\/\",\"url\":\"https:\\\/\\\/sportbiz.ch\\\/fr\\\/education\\\/cours\\\/academie-de-bootfitting\\\/\",\"name\":\"Acad\u00e9mie de bootfitting - Sportbiz\",\"isPartOf\":{\"@id\":\"https:\\\/\\\/sportbiz.ch\\\/fr\\\/#website\"},\"primaryImageOfPage\":{\"@id\":\"https:\\\/\\\/sportbiz.ch\\\/fr\\\/education\\\/cours\\\/academie-de-bootfitting\\\/#primaryimage\"},\"image\":{\"@id\":\"https:\\\/\\\/sportbiz.ch\\\/fr\\\/education\\\/cours\\\/academie-de-bootfitting\\\/#primaryimage\"},\"thumbnailUrl\":\"https:\\\/\\\/sportbiz.ch\\\/wp-content\\\/uploads\\\/2025\\\/12\\\/Logo_SIDAS-ACADEMY_black.png\",\"datePublished\":\"2025-10-06T14:51:18+00:00\",\"dateModified\":\"2026-04-14T13:10:12+00:00\",\"breadcrumb\":{\"@id\":\"https:\\\/\\\/sportbiz.ch\\\/fr\\\/education\\\/cours\\\/academie-de-bootfitting\\\/#breadcrumb\"},\"inLanguage\":\"fr-FR\",\"potentialAction\":[{\"@type\":\"ReadAction\",\"target\":[\"https:\\\/\\\/sportbiz.ch\\\/fr\\\/education\\\/cours\\\/academie-de-bootfitting\\\/\"]}]},{\"@type\":\"ImageObject\",\"inLanguage\":\"fr-FR\",\"@id\":\"https:\\\/\\\/sportbiz.ch\\\/fr\\\/education\\\/cours\\\/academie-de-bootfitting\\\/#primaryimage\",\"url\":\"https:\\\/\\\/sportbiz.ch\\\/wp-content\\\/uploads\\\/2025\\\/12\\\/Logo_SIDAS-ACADEMY_black.png\",\"contentUrl\":\"https:\\\/\\\/sportbiz.ch\\\/wp-content\\\/uploads\\\/2025\\\/12\\\/Logo_SIDAS-ACADEMY_black.png\"},{\"@type\":\"BreadcrumbList\",\"@id\":\"https:\\\/\\\/sportbiz.ch\\\/fr\\\/education\\\/cours\\\/academie-de-bootfitting\\\/#breadcrumb\",\"itemListElement\":[{\"@type\":\"ListItem\",\"position\":1,\"name\":\"Home\",\"item\":\"https:\\\/\\\/sportbiz.ch\\\/fr\\\/page-daccueil\\\/\"},{\"@type\":\"ListItem\",\"position\":2,\"name\":\"\u00c9ducation\",\"item\":\"https:\\\/\\\/sportbiz.ch\\\/fr\\\/education\\\/\"},{\"@type\":\"ListItem\",\"position\":3,\"name\":\"Cours\",\"item\":\"https:\\\/\\\/sportbiz.ch\\\/fr\\\/education\\\/cours\\\/\"},{\"@type\":\"ListItem\",\"position\":4,\"name\":\"Acad\u00e9mie de bootfitting\"}]},{\"@type\":\"WebSite\",\"@id\":\"https:\\\/\\\/sportbiz.ch\\\/fr\\\/#website\",\"url\":\"https:\\\/\\\/sportbiz.ch\\\/fr\\\/\",\"name\":\"Sportbiz\",\"description\":\"Schweizer Sportartikelbranche Online: ASMAS Verband Schweizer Sportfachhandel, \u00abSpaf\u00bb Verband Schweiz. Sportartikel-Lieferanten\",\"publisher\":{\"@id\":\"https:\\\/\\\/sportbiz.ch\\\/fr\\\/#organization\"},\"potentialAction\":[{\"@type\":\"SearchAction\",\"target\":{\"@type\":\"EntryPoint\",\"urlTemplate\":\"https:\\\/\\\/sportbiz.ch\\\/fr\\\/?s={search_term_string}\"},\"query-input\":{\"@type\":\"PropertyValueSpecification\",\"valueRequired\":true,\"valueName\":\"search_term_string\"}}],\"inLanguage\":\"fr-FR\"},{\"@type\":\"Organization\",\"@id\":\"https:\\\/\\\/sportbiz.ch\\\/fr\\\/#organization\",\"name\":\"ASMAS Sportfachhandel Schweiz\",\"url\":\"https:\\\/\\\/sportbiz.ch\\\/fr\\\/\",\"logo\":{\"@type\":\"ImageObject\",\"inLanguage\":\"fr-FR\",\"@id\":\"https:\\\/\\\/sportbiz.ch\\\/fr\\\/#\\\/schema\\\/logo\\\/image\\\/\",\"url\":\"https:\\\/\\\/sportbiz.ch\\\/wp-content\\\/uploads\\\/2023\\\/02\\\/sportbiz_Logo_72dpi.jpg\",\"contentUrl\":\"https:\\\/\\\/sportbiz.ch\\\/wp-content\\\/uploads\\\/2023\\\/02\\\/sportbiz_Logo_72dpi.jpg\",\"width\":520,\"height\":204,\"caption\":\"ASMAS Sportfachhandel Schweiz\"},\"image\":{\"@id\":\"https:\\\/\\\/sportbiz.ch\\\/fr\\\/#\\\/schema\\\/logo\\\/image\\\/\"},\"sameAs\":[\"https:\\\/\\\/www.facebook.com\\\/sportbizbyasmas\",\"https:\\\/\\\/www.linkedin.com\\\/company\\\/sportbizbyasmas\\\/\",\"https:\\\/\\\/www.instagram.com\\\/sportbiz.ch_by_asmas\\\/\",\"https:\\\/\\\/www.youtube.com\\\/channel\\\/UC_WL3nmvFlpl_sUNQofksqQ\"]}]}<\/script>\n<!-- \/ Yoast SEO plugin. -->","yoast_head_json":{"title":"Acad\u00e9mie de bootfitting - Sportbiz","robots":{"index":"index","follow":"follow","max-snippet":"max-snippet:-1","max-image-preview":"max-image-preview:large","max-video-preview":"max-video-preview:-1"},"canonical":"https:\/\/sportbiz.ch\/fr\/education\/cours\/academie-de-bootfitting\/","og_locale":"fr_FR","og_type":"article","og_title":"Acad\u00e9mie de bootfitting - Sportbiz","og_description":"Bootfitting Academy - Renforcer les comp\u00e9tences des magasins de sport Les chaussures personnalis\u00e9es sont synonymes de confort, de performance et de satisfaction du client. Pour les magasins de sport, la qualit\u00e9 du service et l&rsquo;expertise professionnelle sont des facteurs de diff\u00e9renciation d\u00e9cisifs - en particulier pour les produits n\u00e9cessitant de nombreux conseils, comme les chaussures [&hellip;]","og_url":"https:\/\/sportbiz.ch\/fr\/education\/cours\/academie-de-bootfitting\/","og_site_name":"Sportbiz","article_publisher":"https:\/\/www.facebook.com\/sportbizbyasmas","article_modified_time":"2026-04-14T13:10:12+00:00","og_image":[{"width":1020,"height":733,"url":"https:\/\/sportbiz.ch\/wp-content\/uploads\/2025\/12\/Logo_SIDAS-ACADEMY_black.png","type":"image\/png"}],"twitter_card":"summary_large_image","twitter_misc":{"Dur\u00e9e de lecture estim\u00e9e":"1 minute"},"schema":{"@context":"https:\/\/schema.org","@graph":[{"@type":"WebPage","@id":"https:\/\/sportbiz.ch\/fr\/education\/cours\/academie-de-bootfitting\/","url":"https:\/\/sportbiz.ch\/fr\/education\/cours\/academie-de-bootfitting\/","name":"Acad\u00e9mie de bootfitting - Sportbiz","isPartOf":{"@id":"https:\/\/sportbiz.ch\/fr\/#website"},"primaryImageOfPage":{"@id":"https:\/\/sportbiz.ch\/fr\/education\/cours\/academie-de-bootfitting\/#primaryimage"},"image":{"@id":"https:\/\/sportbiz.ch\/fr\/education\/cours\/academie-de-bootfitting\/#primaryimage"},"thumbnailUrl":"https:\/\/sportbiz.ch\/wp-content\/uploads\/2025\/12\/Logo_SIDAS-ACADEMY_black.png","datePublished":"2025-10-06T14:51:18+00:00","dateModified":"2026-04-14T13:10:12+00:00","breadcrumb":{"@id":"https:\/\/sportbiz.ch\/fr\/education\/cours\/academie-de-bootfitting\/#breadcrumb"},"inLanguage":"fr-FR","potentialAction":[{"@type":"ReadAction","target":["https:\/\/sportbiz.ch\/fr\/education\/cours\/academie-de-bootfitting\/"]}]},{"@type":"ImageObject","inLanguage":"fr-FR","@id":"https:\/\/sportbiz.ch\/fr\/education\/cours\/academie-de-bootfitting\/#primaryimage","url":"https:\/\/sportbiz.ch\/wp-content\/uploads\/2025\/12\/Logo_SIDAS-ACADEMY_black.png","contentUrl":"https:\/\/sportbiz.ch\/wp-content\/uploads\/2025\/12\/Logo_SIDAS-ACADEMY_black.png"},{"@type":"BreadcrumbList","@id":"https:\/\/sportbiz.ch\/fr\/education\/cours\/academie-de-bootfitting\/#breadcrumb","itemListElement":[{"@type":"ListItem","position":1,"name":"Home","item":"https:\/\/sportbiz.ch\/fr\/page-daccueil\/"},{"@type":"ListItem","position":2,"name":"\u00c9ducation","item":"https:\/\/sportbiz.ch\/fr\/education\/"},{"@type":"ListItem","position":3,"name":"Cours","item":"https:\/\/sportbiz.ch\/fr\/education\/cours\/"},{"@type":"ListItem","position":4,"name":"Acad\u00e9mie de bootfitting"}]},{"@type":"WebSite","@id":"https:\/\/sportbiz.ch\/fr\/#website","url":"https:\/\/sportbiz.ch\/fr\/","name":"Sportbiz","description":"Schweizer Sportartikelbranche Online: ASMAS Verband Schweizer Sportfachhandel, \u00abSpaf\u00bb Verband Schweiz. Sportartikel-Lieferanten","publisher":{"@id":"https:\/\/sportbiz.ch\/fr\/#organization"},"potentialAction":[{"@type":"SearchAction","target":{"@type":"EntryPoint","urlTemplate":"https:\/\/sportbiz.ch\/fr\/?s={search_term_string}"},"query-input":{"@type":"PropertyValueSpecification","valueRequired":true,"valueName":"search_term_string"}}],"inLanguage":"fr-FR"},{"@type":"Organization","@id":"https:\/\/sportbiz.ch\/fr\/#organization","name":"ASMAS Sportfachhandel Schweiz","url":"https:\/\/sportbiz.ch\/fr\/","logo":{"@type":"ImageObject","inLanguage":"fr-FR","@id":"https:\/\/sportbiz.ch\/fr\/#\/schema\/logo\/image\/","url":"https:\/\/sportbiz.ch\/wp-content\/uploads\/2023\/02\/sportbiz_Logo_72dpi.jpg","contentUrl":"https:\/\/sportbiz.ch\/wp-content\/uploads\/2023\/02\/sportbiz_Logo_72dpi.jpg","width":520,"height":204,"caption":"ASMAS Sportfachhandel Schweiz"},"image":{"@id":"https:\/\/sportbiz.ch\/fr\/#\/schema\/logo\/image\/"},"sameAs":["https:\/\/www.facebook.com\/sportbizbyasmas","https:\/\/www.linkedin.com\/company\/sportbizbyasmas\/","https:\/\/www.instagram.com\/sportbiz.ch_by_asmas\/","https:\/\/www.youtube.com\/channel\/UC_WL3nmvFlpl_sUNQofksqQ"]}]}},"_links":{"self":[{"href":"https:\/\/sportbiz.ch\/fr\/wp-json\/wp\/v2\/pages\/179461","targetHints":{"allow":["GET"]}}],"collection":[{"href":"https:\/\/sportbiz.ch\/fr\/wp-json\/wp\/v2\/pages"}],"about":[{"href":"https:\/\/sportbiz.ch\/fr\/wp-json\/wp\/v2\/types\/page"}],"author":[{"embeddable":true,"href":"https:\/\/sportbiz.ch\/fr\/wp-json\/wp\/v2\/users\/8"}],"replies":[{"embeddable":true,"href":"https:\/\/sportbiz.ch\/fr\/wp-json\/wp\/v2\/comments?post=179461"}],"version-history":[{"count":2,"href":"https:\/\/sportbiz.ch\/fr\/wp-json\/wp\/v2\/pages\/179461\/revisions"}],"predecessor-version":[{"id":179571,"href":"https:\/\/sportbiz.ch\/fr\/wp-json\/wp\/v2\/pages\/179461\/revisions\/179571"}],"up":[{"embeddable":true,"href":"https:\/\/sportbiz.ch\/fr\/wp-json\/wp\/v2\/pages\/179485"}],"wp:attachment":[{"href":"https:\/\/sportbiz.ch\/fr\/wp-json\/wp\/v2\/media?parent=179461"}],"curies":[{"name":"wp","href":"https:\/\/api.w.org\/{rel}","templated":true}]}}