{"id":179372,"date":"2019-05-16T09:42:35","date_gmt":"2019-05-16T07:42:35","guid":{"rendered":"https:\/\/sportbiz.ch\/protection-des-donnees\/"},"modified":"2026-04-14T15:09:07","modified_gmt":"2026-04-14T13:09:07","slug":"protection-des-donnees","status":"publish","type":"page","link":"https:\/\/sportbiz.ch\/fr\/protection-des-donnees\/","title":{"rendered":"Protection des donn\u00e9es"},"content":{"rendered":"\t\t<div data-elementor-type=\"wp-page\" data-elementor-id=\"179372\" class=\"elementor elementor-179372 elementor-74330\" data-elementor-post-type=\"page\">\n\t\t\t\t\t\t<section class=\"elementor-section elementor-top-section elementor-element elementor-element-114d16d1 elementor-section-boxed elementor-section-height-default elementor-section-height-default\" data-id=\"114d16d1\" data-element_type=\"section\" data-e-type=\"section\" data-settings=\"{&quot;background_background&quot;:&quot;classic&quot;}\">\n\t\t\t\t\t\t<div class=\"elementor-container elementor-column-gap-default\">\n\t\t\t\t\t<div class=\"elementor-column elementor-col-100 elementor-top-column elementor-element elementor-element-180ccd2f\" data-id=\"180ccd2f\" data-element_type=\"column\" data-e-type=\"column\">\n\t\t\t<div class=\"elementor-widget-wrap elementor-element-populated\">\n\t\t\t\t\t\t<div class=\"elementor-element elementor-element-4b2d32ff elementor-widget elementor-widget-heading\" data-id=\"4b2d32ff\" data-element_type=\"widget\" data-e-type=\"widget\" data-widget_type=\"heading.default\">\n\t\t\t\t<div class=\"elementor-widget-container\">\n\t\t\t\t\t<h1 class=\"elementor-heading-title elementor-size-default\">Protection des donn\u00e9es<\/h1>\t\t\t\t<\/div>\n\t\t\t\t<\/div>\n\t\t\t\t<div class=\"elementor-element elementor-element-d012efd elementor-widget elementor-widget-text-editor\" data-id=\"d012efd\" data-element_type=\"widget\" data-e-type=\"widget\" data-widget_type=\"text-editor.default\">\n\t\t\t\t<div class=\"elementor-widget-container\">\n\t\t\t\t\t\t\t\t\t<p>sportbiz.ch - <strong>ASMAS Magasin de sport Suisse<\/strong><\/p>\t\t\t\t\t\t\t\t<\/div>\n\t\t\t\t<\/div>\n\t\t\t\t\t<\/div>\n\t\t<\/div>\n\t\t\t\t\t<\/div>\n\t\t<\/section>\n\t\t<div class=\"elementor-element elementor-element-71156c2 e-flex e-con-boxed e-con e-parent\" data-id=\"71156c2\" data-element_type=\"container\" data-e-type=\"container\">\n\t\t\t\t\t<div class=\"e-con-inner\">\n\t\t\t\t<div class=\"elementor-element elementor-element-1e674ad elementor-widget elementor-widget-shortcode\" data-id=\"1e674ad\" data-element_type=\"widget\" data-e-type=\"widget\" data-widget_type=\"shortcode.default\">\n\t\t\t\t<div class=\"elementor-widget-container\">\n\t\t\t\t\t\t\t<div class=\"elementor-shortcode\"><!-- Datenschutzerklaerung \u2013 sportbiz.ch (Schweizer DSG) -->\n<section class=\"privacy-policy\" lang=\"de\">\n  <h1>D\u00e9claration de confidentialit\u00e9<\/h1>\n\n  <p><strong>Responsable :<\/strong><br> ASMAS Sportfachhandel Schweiz<br> Gutenbergstrasse 6<br> 3011 Bern<br> Schweiz<br> T\u00e9l\u00e9phone : 031 381 93 94<br> E-mail : <a href=\"mailto:info@asmas.ch\">info@asmas.ch<\/a>\n  <\/p>\n\n  <h2>1. informations g\u00e9n\u00e9rales<\/h2>\n  <p>\n  Nous accordons une grande importance \u00e0 la protection de vos donn\u00e9es personnelles. Dans cette d\u00e9claration de protection des donn\u00e9es, nous vous informons\n sur la nature, l'\u00e9tendue et le but du traitement des donn\u00e9es personnelles sur <strong>sportbiz.ch.<\/strong>\n Les donn\u00e9es personnelles sont toutes les informations qui se rapportent \u00e0 une personne identifi\u00e9e ou identifiable. \n  <\/p>\n\n  <h2>2. champ d'application<\/h2>\n  <p>\n  Cette d\u00e9claration de protection des donn\u00e9es s'applique \u00e0 l'utilisation de notre site Internet, de nos offres en ligne ainsi que des services qui y sont li\u00e9s\n (p. ex. demandes de contact, newsletter, inscriptions \u00e0 des \u00e9v\u00e9nements et \u00e0 des cours, zone des membres).\n  <\/p>\n\n  <h2>3. bases juridiques<\/h2>\n  <p>\n  Nous traitons les donn\u00e9es personnelles conform\u00e9ment \u00e0 la loi suisse r\u00e9vis\u00e9e sur la protection des donn\u00e9es (LPD). Nous traitons les donn\u00e9es\n en particulier lorsque cela est n\u00e9cessaire pour (a) fournir nos services, (b) r\u00e9pondre aux demandes,   \n  (c) assurer la s\u00e9curit\u00e9 et la stabilit\u00e9, (d) remplir des obligations l\u00e9gales ou (e) si un consentement a \u00e9t\u00e9 donn\u00e9\n (par exemple pour certains cookies\/tracking).  \n  <\/p>\n\n  <h2>4. les donn\u00e9es que nous traitons<\/h2>\n\n  <h3>4.1 Donn\u00e9es techniques lors de la visite du site<\/h3>\n  <p>\n  Lors de l'acc\u00e8s \u00e0 sportbiz.ch, des donn\u00e9es techniques peuvent \u00eatre trait\u00e9es automatiquement, en particulier\n  <\/p>\n  <ul>\n    <li>adresse IP (\u00e9ventuellement abr\u00e9g\u00e9e\/anonymis\u00e9e), date et heure d'acc\u00e8s<\/li>\n    <li>type de navigateur, version, syst\u00e8me d'exploitation, param\u00e8tres de langue<\/li>\n    <li>URL de r\u00e9f\u00e9rence (page visit\u00e9e pr\u00e9c\u00e9demment)<\/li>\n    <li>Pages\/fichiers appel\u00e9s, quantit\u00e9 de donn\u00e9es transmises, temps de chargement<\/li>\n    <li>\u00c9v\u00e9nements d'erreur et de s\u00e9curit\u00e9 (logfiles)<\/li>\n  <\/ul>\n  <p>\n  Ces donn\u00e9es sont utilis\u00e9es en particulier pour garantir le fonctionnement, la s\u00e9curit\u00e9 informatique, l'analyse des erreurs et l'optimisation\n de notre offre.\n  <\/p>\n\n  <h3>4.2 Donn\u00e9es que vous nous fournissez<\/h3>\n  <p>\n  Si vous nous transmettez activement des donn\u00e9es (par exemple via le formulaire de contact, l'inscription \u00e0 un \u00e9v\u00e9nement ou \u00e0 un cours, l'inscription \u00e0 la newsletter, l'espace membre),\n, nous traitons les informations que vous avez saisies. Il peut s'agir notamment de \n  <\/p>\n  <ul>\n    <li>Donn\u00e9es de contact et donn\u00e9es de base (par ex. nom, pr\u00e9nom, e-mail, num\u00e9ro de t\u00e9l\u00e9phone, entreprise, fonction)<\/li>\n    <li>donn\u00e9es de contenu (par exemple, contenu des messages, informations dans les champs de formulaire)<\/li>\n    <li>donn\u00e9es contractuelles et de facturation (par exemple, adresse de facturation, informations de participation\/d'inscription), le cas \u00e9ch\u00e9ant<\/li>\n    <li>les donn\u00e9es d'acc\u00e8s (par exemple, les informations de connexion), si un espace membre est utilis\u00e9<\/li>\n  <\/ul>\n\n  <h2>5. finalit\u00e9s du traitement des donn\u00e9es<\/h2>\n  <p>Nous traitons les donn\u00e9es \u00e0 caract\u00e8re personnel notamment aux fins suivantes :<\/p>\n  <ul>\n    <li>Mise \u00e0 disposition et exploitation du site web (y compris la s\u00e9curit\u00e9, la stabilit\u00e9, l'analyse des erreurs)<\/li>\n    <li>R\u00e9ponse aux demandes et communication<\/li>\n    <li>Gestion et administration des \u00e9v\u00e9nements, des cours et des inscriptions<\/li>\n    <li>l'envoi de newsletters et d'informations (en cas d'inscription ou de relation existante, dans la mesure du possible)<\/li>\n    <li>\u00c9valuation statistique et am\u00e9lioration de notre offre (par ex. analyse web, si activ\u00e9e)<\/li>\n    <li>Ex\u00e9cution des obligations l\u00e9gales et application\/d\u00e9fense des droits<\/li>\n  <\/ul>\n\n  <h2>6. cookies et technologies similaires<\/h2>\n  <p>\n  Nous pouvons utiliser des cookies et des technologies similaires pour fournir des fonctionnalit\u00e9s et am\u00e9liorer l'utilisation du site\n. Les cookies sont de petits fichiers texte qui sont stock\u00e9s sur votre terminal. \n  <\/p>\n  <p>\n  Selon la configuration, nous faisons une distinction :\n  <\/p>\n  <ul>\n    <li><strong>Cookies n\u00e9cessaires<\/strong> (par ex. pour les fonctions de base, la s\u00e9curit\u00e9, la connexion)<\/li>\n    <li><strong>Cookies fonctionnels<\/strong> (par ex. pour les param\u00e8tres\/fonctions de confort)<\/li>\n    <li><strong>Cookies de statistiques\/d'analyse<\/strong> (par ex. mesure d'audience)<\/li>\n    <li><strong>Cookies de marketing<\/strong> (par ex. suivi de campagnes), si utilis\u00e9s.<\/li>\n  <\/ul>\n  <p>\n  Vous pouvez d\u00e9sactiver ou supprimer les cookies dans les param\u00e8tres de votre navigateur. Veuillez noter que certaines fonctions du site\n peuvent s'en trouver limit\u00e9es. Si nous utilisons un outil de consentement des cookies, vous pouvez y modifier vos pr\u00e9f\u00e9rences \u00e0 tout moment\n.\n  <\/p>\n\n  <h2>7. analyse et suivi du web<\/h2>\n  <p>\n  Nous pouvons utiliser des outils d'analyse pour mesurer et am\u00e9liorer l'utilisation de notre site (par exemple, les pages vues, les interactions\n, la port\u00e9e). Il peut s'agir de cookies ou de technologies similaires. Si n\u00e9cessaire,\n, l'activation de ces outils ne se fait qu'apr\u00e8s votre consentement via la banni\u00e8re des cookies.\n  <\/p>\n  <p>\n  Si vous avez besoin d'informations sp\u00e9cifiques sur un outil utilis\u00e9 (par exemple, le nom du service, le fournisseur, les p\u00e9riodes de stockage),\n veuillez les ajouter ici ou remplacer cette section en fonction des outils r\u00e9ellement utilis\u00e9s.\n  <\/p>\n\n  <h2>8\u00e8me bulletin d'information<\/h2>\n  <p>\n  Lorsque vous vous inscrivez \u00e0 une newsletter, nous traitons en particulier votre adresse e-mail et, le cas \u00e9ch\u00e9ant, d'autres informations facultatives\n (par exemple, votre nom) pour l'envoi. \n Vous pouvez vous d\u00e9sinscrire \u00e0 tout moment, par exemple en cliquant sur le lien de d\u00e9sinscription dans la newsletter ou en envoyant un e-mail \u00e0 <a href=\"mailto:info@asmas.ch\">info@asmas.ch.<\/a>\n  <\/p>\n  <p>\n  Si un fournisseur de services de newsletter externe est utilis\u00e9 (par exemple Mailchimp\/Omnisend ou autre), un traitement des donn\u00e9es\n peut \u00eatre effectu\u00e9 sur mandat. Dans ce cas, nous nous assurons par contrat que le traitement est conforme \u00e0 la protection des donn\u00e9es.\n  <\/p>\n\n  <h2>9. formulaires, inscriptions et communication<\/h2>\n  <p>\n  Pour les demandes de contact et les inscriptions \u00e0 des \u00e9v\u00e9nements et \u00e0 des cours, nous traitons les donn\u00e9es que vous nous avez transmises afin de r\u00e9pondre \u00e0 votre demande sur\n, de g\u00e9rer les inscriptions, d'organiser le d\u00e9roulement et de communiquer avec vous. Cela peut inclure\n informations organisationnelles (par exemple, participation, date, statut de paiement, correspondance).\n  <\/p>\n\n  <h2>10. espace membre \/ login<\/h2>\n  <p>\n  Dans la mesure o\u00f9 un espace membre ou des fonctions de connexion sont propos\u00e9s, nous traitons les donn\u00e9es d'acc\u00e8s et les informations d'utilisation,\n afin de garantir l'authentification, les autorisations ainsi que l'administration technique.\n  <\/p>\n\n  <h2>11) Destinataires, prestataires de services et divulgation \u00e0 des tiers<\/h2>\n  <p>\n  Nous ne transmettons les donn\u00e9es personnelles que si cela est n\u00e9cessaire pour fournir nos services, s'il existe une obligation l\u00e9gale\n ou si vous avez donn\u00e9 votre accord. Les destinataires peuvent \u00eatre notamment\n  <\/p>\n  <ul>\n    <li>Fournisseurs de services informatiques et d'h\u00e9bergement (exploitation, maintenance, support)<\/li>\n    <li>Prestataire de services de newsletter et de communication<\/li>\n    <li>Outils d'\u00e9v\u00e9nement\/de cours ou prestataires de services de paiement\/facturation (si utilis\u00e9s)<\/li>\n    <li>Autorit\u00e9s\/tribunaux, si la loi l'exige<\/li>\n  <\/ul>\n  <p>\n  Dans la mesure o\u00f9 des prestataires de services traitent des donn\u00e9es pour notre compte, nous nous assurons, par des dispositions contractuelles appropri\u00e9es, que\n ne traite ces donn\u00e9es que conform\u00e9ment \u00e0 nos instructions et avec des mesures de s\u00e9curit\u00e9 appropri\u00e9es.\n  <\/p>\n\n  <h2>12. transfert de donn\u00e9es \u00e0 l'\u00e9tranger<\/h2>\n  <p>\n  Selon les prestataires de services utilis\u00e9s, le traitement des donn\u00e9es peut avoir lieu en dehors de la Suisse (par exemple, chez les fournisseurs de services de cloud computing ou de newsletters\n ). Dans de tels cas, nous nous assurons qu'une protection ad\u00e9quate des donn\u00e9es est assur\u00e9e (par exemple, par le biais de garanties appropri\u00e9es telles que\n clauses contractuelles standard ou des m\u00e9canismes de protection \u00e9quivalents, si n\u00e9cessaire).\n  <\/p>\n\n  <h2>13. dur\u00e9e de conservation<\/h2>\n  <p>\n  Nous ne conservons les donn\u00e9es personnelles qu'aussi longtemps que cela est n\u00e9cessaire aux fins mentionn\u00e9es ou que nous y sommes contraints par la loi\n. Les donn\u00e9es sont ensuite supprim\u00e9es ou rendues anonymes.\n  <\/p>\n\n  <h2>14. s\u00e9curit\u00e9 des donn\u00e9es<\/h2>\n  <p>\n  Nous prenons des mesures de s\u00e9curit\u00e9 techniques et organisationnelles appropri\u00e9es pour prot\u00e9ger les donn\u00e9es personnelles contre l'acc\u00e8s non autoris\u00e9, la perte, l'utilisation abusive ou l'alt\u00e9ration.\n  Il s'agit notamment de restrictions d'acc\u00e8s, de voies de transmission s\u00e9curis\u00e9es\n (par ex. HTTPS) et de mesures de protection dans le domaine de l'h\u00e9bergement et de l'administration.\n  <\/p>\n\n  <h2>15. droits des personnes concern\u00e9es<\/h2>\n  <p>\n  Dans le cadre de la l\u00e9gislation applicable en mati\u00e8re de protection des donn\u00e9es, vous disposez notamment d'un droit d'acc\u00e8s, de rectification, de suppression ainsi que d'un droit d'opposition ou de limitation du traitement sur\n, pour autant que les conditions l\u00e9gales soient remplies. Vous pouvez \u00e9galement retirer votre consentement \u00e0 tout moment \u00e0 l'adresse\n, avec effet pour l'avenir.\n  <\/p>\n  <p>\n  Pour exercer vos droits, vous pouvez nous contacter :\n <a href=\"mailto:info@asmas.ch\">info@asmas.ch<\/a>\n  <\/p>\n\n  <h2>16. contact<\/h2>\n  <p>\n  ASMAS Sportfachhandel Schweiz<br> Gutenbergstrasse 6, 3011 Berne, Suisse<br> T\u00e9l\u00e9phone : 031 381 93 94<br> E-mail : <a href=\"mailto:info@asmas.ch\">info@asmas.ch<\/a>\n  <\/p>\n\n  <h2>17. modifications<\/h2>\n  <p>\n  Nous pouvons modifier cette d\u00e9claration de protection des donn\u00e9es \u00e0 tout moment, par exemple en cas de modification de nos services ou d'adaptations juridiques\n. La version en vigueur publi\u00e9e sur ce site s'applique.\n  <\/p>\n\n  <p><em>Mise \u00e0 jour : janvier 2026<\/em><\/p>\n<\/section>\n<\/div>\n\t\t\t\t\t\t<\/div>\n\t\t\t\t<\/div>\n\t\t\t\t\t<\/div>\n\t\t\t\t<\/div>\n\t\t\t\t<\/div>\n\t\t","protected":false},"excerpt":{"rendered":"<p>Protection des donn\u00e9es sportbiz.ch - ASMAS Magasin de sport Suisse D\u00e9claration de confidentialit\u00e9 Responsable : ASMAS Sportfachhandel Schweiz Gutenbergstrasse 6 3011 Bern Schweiz T\u00e9l\u00e9phone : 031 381 93 94 E-mail : info@asmas.ch 1. informations g\u00e9n\u00e9rales Nous accordons une grande importance \u00e0 la protection de vos donn\u00e9es personnelles. Dans cette d\u00e9claration de protection des donn\u00e9es, nous [&hellip;]<\/p>\n","protected":false},"author":1,"featured_media":0,"parent":0,"menu_order":0,"comment_status":"closed","ping_status":"closed","template":"","meta":{"_acf_changed":false,"footnotes":""},"class_list":["post-179372","page","type-page","status-publish","hentry"],"yoast_head":"<!-- This site is optimized with the Yoast SEO plugin v27.4 - https:\/\/yoast.com\/product\/yoast-seo-wordpress\/ -->\n<title>Protection des donn\u00e9es - Sportbiz<\/title>\n<meta name=\"robots\" content=\"index, follow, max-snippet:-1, max-image-preview:large, max-video-preview:-1\" \/>\n<link rel=\"canonical\" href=\"https:\/\/sportbiz.ch\/fr\/protection-des-donnees\/\" \/>\n<meta property=\"og:locale\" content=\"fr_FR\" \/>\n<meta property=\"og:type\" content=\"article\" \/>\n<meta property=\"og:title\" content=\"Protection des donn\u00e9es - Sportbiz\" \/>\n<meta property=\"og:description\" content=\"Protection des donn\u00e9es sportbiz.ch - ASMAS Magasin de sport Suisse D\u00e9claration de confidentialit\u00e9 Responsable : ASMAS Sportfachhandel Schweiz Gutenbergstrasse 6 3011 Bern Schweiz T\u00e9l\u00e9phone : 031 381 93 94 E-mail : info@asmas.ch 1. informations g\u00e9n\u00e9rales Nous accordons une grande importance \u00e0 la protection de vos donn\u00e9es personnelles. Dans cette d\u00e9claration de protection des donn\u00e9es, nous [&hellip;]\" \/>\n<meta property=\"og:url\" content=\"https:\/\/sportbiz.ch\/fr\/protection-des-donnees\/\" \/>\n<meta property=\"og:site_name\" content=\"Sportbiz\" \/>\n<meta property=\"article:publisher\" content=\"https:\/\/www.facebook.com\/sportbizbyasmas\" \/>\n<meta property=\"article:modified_time\" content=\"2026-04-14T13:09:07+00:00\" \/>\n<meta name=\"twitter:card\" content=\"summary_large_image\" \/>\n<meta name=\"twitter:label1\" content=\"Dur\u00e9e de lecture estim\u00e9e\" \/>\n\t<meta name=\"twitter:data1\" content=\"7 minutes\" \/>\n<script type=\"application\/ld+json\" class=\"yoast-schema-graph\">{\"@context\":\"https:\\\/\\\/schema.org\",\"@graph\":[{\"@type\":\"WebPage\",\"@id\":\"https:\\\/\\\/sportbiz.ch\\\/fr\\\/protection-des-donnees\\\/\",\"url\":\"https:\\\/\\\/sportbiz.ch\\\/fr\\\/protection-des-donnees\\\/\",\"name\":\"Protection des donn\u00e9es - Sportbiz\",\"isPartOf\":{\"@id\":\"https:\\\/\\\/sportbiz.ch\\\/fr\\\/#website\"},\"datePublished\":\"2019-05-16T07:42:35+00:00\",\"dateModified\":\"2026-04-14T13:09:07+00:00\",\"breadcrumb\":{\"@id\":\"https:\\\/\\\/sportbiz.ch\\\/fr\\\/protection-des-donnees\\\/#breadcrumb\"},\"inLanguage\":\"fr-FR\",\"potentialAction\":[{\"@type\":\"ReadAction\",\"target\":[\"https:\\\/\\\/sportbiz.ch\\\/fr\\\/protection-des-donnees\\\/\"]}]},{\"@type\":\"BreadcrumbList\",\"@id\":\"https:\\\/\\\/sportbiz.ch\\\/fr\\\/protection-des-donnees\\\/#breadcrumb\",\"itemListElement\":[{\"@type\":\"ListItem\",\"position\":1,\"name\":\"Home\",\"item\":\"https:\\\/\\\/sportbiz.ch\\\/fr\\\/page-daccueil\\\/\"},{\"@type\":\"ListItem\",\"position\":2,\"name\":\"Protection des donn\u00e9es\"}]},{\"@type\":\"WebSite\",\"@id\":\"https:\\\/\\\/sportbiz.ch\\\/fr\\\/#website\",\"url\":\"https:\\\/\\\/sportbiz.ch\\\/fr\\\/\",\"name\":\"Sportbiz\",\"description\":\"Schweizer Sportartikelbranche Online: ASMAS Verband Schweizer Sportfachhandel, \u00abSpaf\u00bb Verband Schweiz. Sportartikel-Lieferanten\",\"publisher\":{\"@id\":\"https:\\\/\\\/sportbiz.ch\\\/fr\\\/#organization\"},\"potentialAction\":[{\"@type\":\"SearchAction\",\"target\":{\"@type\":\"EntryPoint\",\"urlTemplate\":\"https:\\\/\\\/sportbiz.ch\\\/fr\\\/?s={search_term_string}\"},\"query-input\":{\"@type\":\"PropertyValueSpecification\",\"valueRequired\":true,\"valueName\":\"search_term_string\"}}],\"inLanguage\":\"fr-FR\"},{\"@type\":\"Organization\",\"@id\":\"https:\\\/\\\/sportbiz.ch\\\/fr\\\/#organization\",\"name\":\"ASMAS Sportfachhandel Schweiz\",\"url\":\"https:\\\/\\\/sportbiz.ch\\\/fr\\\/\",\"logo\":{\"@type\":\"ImageObject\",\"inLanguage\":\"fr-FR\",\"@id\":\"https:\\\/\\\/sportbiz.ch\\\/fr\\\/#\\\/schema\\\/logo\\\/image\\\/\",\"url\":\"https:\\\/\\\/sportbiz.ch\\\/wp-content\\\/uploads\\\/2023\\\/02\\\/sportbiz_Logo_72dpi.jpg\",\"contentUrl\":\"https:\\\/\\\/sportbiz.ch\\\/wp-content\\\/uploads\\\/2023\\\/02\\\/sportbiz_Logo_72dpi.jpg\",\"width\":520,\"height\":204,\"caption\":\"ASMAS Sportfachhandel Schweiz\"},\"image\":{\"@id\":\"https:\\\/\\\/sportbiz.ch\\\/fr\\\/#\\\/schema\\\/logo\\\/image\\\/\"},\"sameAs\":[\"https:\\\/\\\/www.facebook.com\\\/sportbizbyasmas\",\"https:\\\/\\\/www.linkedin.com\\\/company\\\/sportbizbyasmas\\\/\",\"https:\\\/\\\/www.instagram.com\\\/sportbiz.ch_by_asmas\\\/\",\"https:\\\/\\\/www.youtube.com\\\/channel\\\/UC_WL3nmvFlpl_sUNQofksqQ\"]}]}<\/script>\n<!-- \/ Yoast SEO plugin. -->","yoast_head_json":{"title":"Protection des donn\u00e9es - Sportbiz","robots":{"index":"index","follow":"follow","max-snippet":"max-snippet:-1","max-image-preview":"max-image-preview:large","max-video-preview":"max-video-preview:-1"},"canonical":"https:\/\/sportbiz.ch\/fr\/protection-des-donnees\/","og_locale":"fr_FR","og_type":"article","og_title":"Protection des donn\u00e9es - Sportbiz","og_description":"Protection des donn\u00e9es sportbiz.ch - ASMAS Magasin de sport Suisse D\u00e9claration de confidentialit\u00e9 Responsable : ASMAS Sportfachhandel Schweiz Gutenbergstrasse 6 3011 Bern Schweiz T\u00e9l\u00e9phone : 031 381 93 94 E-mail : info@asmas.ch 1. informations g\u00e9n\u00e9rales Nous accordons une grande importance \u00e0 la protection de vos donn\u00e9es personnelles. Dans cette d\u00e9claration de protection des donn\u00e9es, nous [&hellip;]","og_url":"https:\/\/sportbiz.ch\/fr\/protection-des-donnees\/","og_site_name":"Sportbiz","article_publisher":"https:\/\/www.facebook.com\/sportbizbyasmas","article_modified_time":"2026-04-14T13:09:07+00:00","twitter_card":"summary_large_image","twitter_misc":{"Dur\u00e9e de lecture estim\u00e9e":"7 minutes"},"schema":{"@context":"https:\/\/schema.org","@graph":[{"@type":"WebPage","@id":"https:\/\/sportbiz.ch\/fr\/protection-des-donnees\/","url":"https:\/\/sportbiz.ch\/fr\/protection-des-donnees\/","name":"Protection des donn\u00e9es - Sportbiz","isPartOf":{"@id":"https:\/\/sportbiz.ch\/fr\/#website"},"datePublished":"2019-05-16T07:42:35+00:00","dateModified":"2026-04-14T13:09:07+00:00","breadcrumb":{"@id":"https:\/\/sportbiz.ch\/fr\/protection-des-donnees\/#breadcrumb"},"inLanguage":"fr-FR","potentialAction":[{"@type":"ReadAction","target":["https:\/\/sportbiz.ch\/fr\/protection-des-donnees\/"]}]},{"@type":"BreadcrumbList","@id":"https:\/\/sportbiz.ch\/fr\/protection-des-donnees\/#breadcrumb","itemListElement":[{"@type":"ListItem","position":1,"name":"Home","item":"https:\/\/sportbiz.ch\/fr\/page-daccueil\/"},{"@type":"ListItem","position":2,"name":"Protection des donn\u00e9es"}]},{"@type":"WebSite","@id":"https:\/\/sportbiz.ch\/fr\/#website","url":"https:\/\/sportbiz.ch\/fr\/","name":"Sportbiz","description":"Schweizer Sportartikelbranche Online: ASMAS Verband Schweizer Sportfachhandel, \u00abSpaf\u00bb Verband Schweiz. Sportartikel-Lieferanten","publisher":{"@id":"https:\/\/sportbiz.ch\/fr\/#organization"},"potentialAction":[{"@type":"SearchAction","target":{"@type":"EntryPoint","urlTemplate":"https:\/\/sportbiz.ch\/fr\/?s={search_term_string}"},"query-input":{"@type":"PropertyValueSpecification","valueRequired":true,"valueName":"search_term_string"}}],"inLanguage":"fr-FR"},{"@type":"Organization","@id":"https:\/\/sportbiz.ch\/fr\/#organization","name":"ASMAS Sportfachhandel Schweiz","url":"https:\/\/sportbiz.ch\/fr\/","logo":{"@type":"ImageObject","inLanguage":"fr-FR","@id":"https:\/\/sportbiz.ch\/fr\/#\/schema\/logo\/image\/","url":"https:\/\/sportbiz.ch\/wp-content\/uploads\/2023\/02\/sportbiz_Logo_72dpi.jpg","contentUrl":"https:\/\/sportbiz.ch\/wp-content\/uploads\/2023\/02\/sportbiz_Logo_72dpi.jpg","width":520,"height":204,"caption":"ASMAS Sportfachhandel Schweiz"},"image":{"@id":"https:\/\/sportbiz.ch\/fr\/#\/schema\/logo\/image\/"},"sameAs":["https:\/\/www.facebook.com\/sportbizbyasmas","https:\/\/www.linkedin.com\/company\/sportbizbyasmas\/","https:\/\/www.instagram.com\/sportbiz.ch_by_asmas\/","https:\/\/www.youtube.com\/channel\/UC_WL3nmvFlpl_sUNQofksqQ"]}]}},"_links":{"self":[{"href":"https:\/\/sportbiz.ch\/fr\/wp-json\/wp\/v2\/pages\/179372","targetHints":{"allow":["GET"]}}],"collection":[{"href":"https:\/\/sportbiz.ch\/fr\/wp-json\/wp\/v2\/pages"}],"about":[{"href":"https:\/\/sportbiz.ch\/fr\/wp-json\/wp\/v2\/types\/page"}],"author":[{"embeddable":true,"href":"https:\/\/sportbiz.ch\/fr\/wp-json\/wp\/v2\/users\/1"}],"replies":[{"embeddable":true,"href":"https:\/\/sportbiz.ch\/fr\/wp-json\/wp\/v2\/comments?post=179372"}],"version-history":[{"count":1,"href":"https:\/\/sportbiz.ch\/fr\/wp-json\/wp\/v2\/pages\/179372\/revisions"}],"predecessor-version":[{"id":179374,"href":"https:\/\/sportbiz.ch\/fr\/wp-json\/wp\/v2\/pages\/179372\/revisions\/179374"}],"wp:attachment":[{"href":"https:\/\/sportbiz.ch\/fr\/wp-json\/wp\/v2\/media?parent=179372"}],"curies":[{"name":"wp","href":"https:\/\/api.w.org\/{rel}","templated":true}]}}