{"id":179368,"date":"2019-05-16T09:41:29","date_gmt":"2019-05-16T07:41:29","guid":{"rendered":"https:\/\/sportbiz.ch\/conditions-generales-de-vente\/"},"modified":"2026-04-14T15:09:06","modified_gmt":"2026-04-14T13:09:06","slug":"conditions-generales-de-vente","status":"publish","type":"page","link":"https:\/\/sportbiz.ch\/fr\/conditions-generales-de-vente\/","title":{"rendered":"Conditions g\u00e9n\u00e9rales de vente"},"content":{"rendered":"\t\t<div data-elementor-type=\"wp-page\" data-elementor-id=\"179368\" class=\"elementor elementor-179368 elementor-74328\" data-elementor-post-type=\"page\">\n\t\t\t\t\t\t<section class=\"elementor-section elementor-top-section elementor-element elementor-element-1508a0df elementor-section-boxed elementor-section-height-default elementor-section-height-default\" data-id=\"1508a0df\" data-element_type=\"section\" data-e-type=\"section\" data-settings=\"{&quot;background_background&quot;:&quot;classic&quot;}\">\n\t\t\t\t\t\t<div class=\"elementor-container elementor-column-gap-default\">\n\t\t\t\t\t<div class=\"elementor-column elementor-col-100 elementor-top-column elementor-element elementor-element-59f50e95\" data-id=\"59f50e95\" data-element_type=\"column\" data-e-type=\"column\">\n\t\t\t<div class=\"elementor-widget-wrap elementor-element-populated\">\n\t\t\t\t\t\t<div class=\"elementor-element elementor-element-44a3273c elementor-widget elementor-widget-heading\" data-id=\"44a3273c\" data-element_type=\"widget\" data-e-type=\"widget\" data-widget_type=\"heading.default\">\n\t\t\t\t<div class=\"elementor-widget-container\">\n\t\t\t\t\t<h1 class=\"elementor-heading-title elementor-size-default\">Conditions g\u00e9n\u00e9rales de vente (CGV)<\/h1>\t\t\t\t<\/div>\n\t\t\t\t<\/div>\n\t\t\t\t<div class=\"elementor-element elementor-element-4dcd5f5f elementor-widget elementor-widget-text-editor\" data-id=\"4dcd5f5f\" data-element_type=\"widget\" data-e-type=\"widget\" data-widget_type=\"text-editor.default\">\n\t\t\t\t<div class=\"elementor-widget-container\">\n\t\t\t\t\t\t\t\t\t<p>sportbiz.ch - <strong>ASMAS Commerce sp\u00e9cialis\u00e9 du sport Suisse<br><\/strong>Etat : 1er janvier 2026<\/p>\t\t\t\t\t\t\t\t<\/div>\n\t\t\t\t<\/div>\n\t\t\t\t\t<\/div>\n\t\t<\/div>\n\t\t\t\t\t<\/div>\n\t\t<\/section>\n\t\t<div class=\"elementor-element elementor-element-b96ffca e-flex e-con-boxed e-con e-parent\" data-id=\"b96ffca\" data-element_type=\"container\" data-e-type=\"container\">\n\t\t\t\t\t<div class=\"e-con-inner\">\n\t\t\t\t<div class=\"elementor-element elementor-element-f93c4af elementor-widget elementor-widget-text-editor\" data-id=\"f93c4af\" data-element_type=\"widget\" data-e-type=\"widget\" data-widget_type=\"text-editor.default\">\n\t\t\t\t<div class=\"elementor-widget-container\">\n\t\t\t\t\t\t\t\t\t<ol><li><strong>Domaine d&rsquo;application<\/strong><br>Les pr\u00e9sentes conditions g\u00e9n\u00e9rales de vente (CGV) r\u00e9gissent l&rsquo;acc\u00e8s et l&rsquo;utilisation de la plate-forme Internet www.sportbiz.ch ainsi que tous les contenus et services propos\u00e9s par ce biais.<br>L&rsquo;exploitant de la plate-forme est :<br>ASMAS Sportfachhandel Schweiz<br>Gutenbergstrasse 6<br>3011 Berne<br>Suisse<br>T\u00e9l. +41 31 381 93 94<br>E-mail : info@asmas.ch<br>En acc\u00e9dant ou en utilisant sportbiz.ch, les utilisateurs acceptent les pr\u00e9sentes conditions g\u00e9n\u00e9rales.<\/li><li><strong>Objectif et offre de la plate-forme<\/strong><br>sportbiz.ch est un portail d&rsquo;information et de branche pour les magasins de sport suisses. L&rsquo;offre comprend en particulier :<br>- Nouvelles de la branche, de l&rsquo;entreprise et des produits<br>- Informations sur les \u00e9v\u00e9nements, les cours et la formation continue<br>- Annonces d&#8217;emploi<br>- Pr\u00e9sentations des partenaires, des marques et des entreprises<br>- Informations sur les membres et domaines prot\u00e9g\u00e9s<br>- Newsletter ainsi que d&rsquo;autres services d&rsquo;information et de communication<br>L&rsquo;ASMAS se r\u00e9serve le droit d&rsquo;adapter, d&rsquo;\u00e9largir ou de supprimer en partie ou en totalit\u00e9 les contenus, les fonctions et la structure de la plate-forme \u00e0 tout moment.<\/li><li><strong>Utilisation et enregistrement<\/strong><br>Certains contenus et fonctions sont r\u00e9serv\u00e9s aux utilisateurs enregistr\u00e9s ou aux membres de l&rsquo;ASMAS.<br>Les informations fournies lors de l&rsquo;enregistrement doivent \u00eatre v\u00e9ridiques, actuelles et compl\u00e8tes. Les donn\u00e9es d&rsquo;acc\u00e8s doivent \u00eatre trait\u00e9es de mani\u00e8re confidentielle et ne doivent pas \u00eatre transmises \u00e0 des tiers.<br>ASMAS est en droit de bloquer ou de supprimer des comptes d&rsquo;utilisateurs en cas d&rsquo;abus, de fausses informations, de violation des pr\u00e9sentes CGU ou de dispositions l\u00e9gales.<br>Il n&rsquo;existe aucun droit \u00e0 l&rsquo;utilisation de certains contenus ou fonctions.<\/li><li><strong>Annonces, offres d&#8217;emploi et contenus tiers<\/strong><br>sportbiz.ch publie des annonces, des offres d&#8217;emploi, des profils de marques et de partenaires ainsi que d&rsquo;autres contenus de tiers.<br>La responsabilit\u00e9 du contenu, de l&rsquo;actualit\u00e9, de la l\u00e9galit\u00e9 et de l&rsquo;exactitude de ces contenus incombe exclusivement aux fournisseurs respectifs.<br>Les offres d&#8217;emploi sont g\u00e9n\u00e9ralement publi\u00e9es pendant 30 jours et sont ensuite automatiquement retir\u00e9es, sauf accord contraire.<br>ASMAS se r\u00e9serve le droit de refuser, de raccourcir, d&rsquo;adapter la r\u00e9daction ou de supprimer des contenus sans avoir \u00e0 se justifier.<br>En publiant des annonces, des offres d&#8217;emploi ou d&rsquo;autres contenus de tiers, ASMAS ne devient pas partie \u00e0 d&rsquo;\u00e9ventuels actes juridiques entre les prestataires et des tiers. Toutes les relations juridiques qui en d\u00e9coulent sont exclusivement entre les parties concern\u00e9es.<\/li><li><strong>Prix et prestations payantes<\/strong><br>Lorsque des prix sont appliqu\u00e9s pour certaines prestations (par exemple, annonces, \u00e9v\u00e9nements, cours ou formats sp\u00e9ciaux), ils sont indiqu\u00e9s en francs suisses (CHF).<br>Sauf mention contraire, les prix s&rsquo;entendent hors TVA. Les prix et les prestations sont susceptibles d&rsquo;\u00eatre modifi\u00e9s.<br>La facturation s&rsquo;effectue selon les conditions convenues \u00e0 chaque fois.<br>sportbiz.ch ne g\u00e8re pas de boutique en ligne pour la livraison de marchandises au sens classique du terme.<\/li><li><strong>Publication, activation et modifications de contenus<\/strong><br>Les contenus sont publi\u00e9s ou activ\u00e9s apr\u00e8s un contr\u00f4le r\u00e9dactionnel, formel ou technique.<br>Il n&rsquo;existe aucun droit \u00e0 une publication imm\u00e9diate, inchang\u00e9e ou durable.<br>ASMAS se r\u00e9serve le droit d&rsquo;apporter des modifications aux contenus soumis, en particulier pour des raisons r\u00e9dactionnelles, juridiques ou qualitatives.<br>Les suppressions anticip\u00e9es (par ex. d&rsquo;annonces ou de contributions) doivent \u00eatre demand\u00e9es par \u00e9crit par e-mail \u00e0 info@sportbiz.ch. Les suppressions anticip\u00e9es ne sont pas autoris\u00e9es.<\/li><li><strong>Disponibilit\u00e9 et responsabilit\u00e9<\/strong><br>ASMAS cr\u00e9e les contenus de sportbiz.ch avec le plus grand soin, mais ne garantit pas leur actualit\u00e9, leur exactitude ou leur exhaustivit\u00e9.<br>La plate-forme peut \u00eatre temporairement indisponible ou limit\u00e9e en raison de travaux de maintenance, de pannes techniques ou de mesures li\u00e9es \u00e0 la s\u00e9curit\u00e9. Il n&rsquo;existe aucun droit \u00e0 une accessibilit\u00e9 permanente ou \u00e0 des disponibilit\u00e9s d\u00e9termin\u00e9es.<br>La responsabilit\u00e9 pour les dommages directs ou indirects, mat\u00e9riels ou immat\u00e9riels, r\u00e9sultant de l&rsquo;utilisation ou de la non-utilisation de la plate-forme est exclue, sauf en cas de faute intentionnelle ou de n\u00e9gligence grave. Est notamment exclue la responsabilit\u00e9 pour manque \u00e0 gagner, perte de donn\u00e9es, atteinte \u00e0 la r\u00e9putation et dommages r\u00e9sultant de d\u00e9faillances techniques.<\/li><li><strong>Liens externes<\/strong><br>sportbiz.ch peut contenir des liens vers des sites externes de tiers.<br>ASMAS n&rsquo;a aucune influence sur leur contenu et n&rsquo;assume aucune responsabilit\u00e9 ou obligation \u00e0 cet \u00e9gard. L&rsquo;acc\u00e8s aux sites web externes se fait sous la responsabilit\u00e9 des utilisateurs.<\/li><li>Droits <strong>d&rsquo;auteur et droits d&rsquo;image<\/strong><br>Tous les contenus de sportbiz.ch (textes, images, graphiques, logos, vid\u00e9os, etc.) sont prot\u00e9g\u00e9s par des droits d&rsquo;auteur.<br>Les droits sont d\u00e9tenus par l&rsquo;ASMAS, sportbiz.ch ou les d\u00e9tenteurs de droits respectifs.<br>Toute utilisation en dehors de la plate-forme n&rsquo;est autoris\u00e9e qu&rsquo;avec un accord \u00e9crit pr\u00e9alable.<br>Les liens vers des contenus de sportbiz.ch sont autoris\u00e9s dans la mesure o\u00f9 la source est clairement et explicitement indiqu\u00e9e.<\/li><li><strong>Protection des donn\u00e9es et communication \u00e9lectronique<\/strong><br>Le traitement des donn\u00e9es personnelles s&rsquo;effectue conform\u00e9ment \u00e0 la loi suisse sur la protection des donn\u00e9es (LPD).<br>Les d\u00e9tails sont r\u00e9gl\u00e9s dans la d\u00e9claration de protection des donn\u00e9es s\u00e9par\u00e9e, qui fait partie int\u00e9grante des pr\u00e9sentes CGV.<br>En s&rsquo;inscrivant ou en utilisant sportbiz.ch, les utilisateurs acceptent de recevoir par voie \u00e9lectronique des informations relatives au contrat et \u00e0 la plateforme (p. ex. messages du syst\u00e8me, newsletter, indications sur les \u00e9v\u00e9nements). Il est possible de se d\u00e9sabonner \u00e0 tout moment des newsletters.<\/li><li><strong>Modifications des CGV<\/strong><br>ASMAS se r\u00e9serve le droit d&rsquo;adapter \u00e0 tout moment les pr\u00e9sentes CGV.<br>La version publi\u00e9e sur www.sportbiz.ch fait foi. En continuant \u00e0 utiliser la plate-forme, vous \u00eates r\u00e9put\u00e9 avoir accept\u00e9 les modifications.<\/li><li><strong>Droit applicable et juridiction comp\u00e9tente<\/strong><br>Le droit suisse est seul applicable.<br>La juridiction comp\u00e9tente est - dans la mesure o\u00f9 la loi le permet - Berne.<\/li><li><strong>Contact<br><\/strong>ASMAS Sportfachhandel Schweiz<br>Gutenbergstrasse 6<br>3011 Berne<br>Suisse<br>E-mail : info@asmas.ch<br>T\u00e9l. +41 31 381 93 94<\/li><\/ol>\t\t\t\t\t\t\t\t<\/div>\n\t\t\t\t<\/div>\n\t\t\t\t\t<\/div>\n\t\t\t\t<\/div>\n\t\t\t\t<\/div>\n\t\t","protected":false},"excerpt":{"rendered":"<p>Conditions g\u00e9n\u00e9rales de vente (CGV) sportbiz.ch - ASMAS Commerce sp\u00e9cialis\u00e9 du sport SuisseEtat : 1er janvier 2026 Domaine d&rsquo;applicationLes pr\u00e9sentes conditions g\u00e9n\u00e9rales de vente (CGV) r\u00e9gissent l&rsquo;acc\u00e8s et l&rsquo;utilisation de la plate-forme Internet www.sportbiz.ch ainsi que tous les contenus et services propos\u00e9s par ce biais.L&rsquo;exploitant de la plate-forme est :ASMAS Sportfachhandel SchweizGutenbergstrasse 63011 BerneSuisseT\u00e9l. +41 [&hellip;]<\/p>\n","protected":false},"author":1,"featured_media":0,"parent":0,"menu_order":0,"comment_status":"closed","ping_status":"closed","template":"","meta":{"_acf_changed":false,"footnotes":""},"class_list":["post-179368","page","type-page","status-publish","hentry"],"yoast_head":"<!-- This site is optimized with the Yoast SEO plugin v27.3 - https:\/\/yoast.com\/product\/yoast-seo-wordpress\/ -->\n<title>Conditions g\u00e9n\u00e9rales de vente - Sportbiz<\/title>\n<meta name=\"robots\" content=\"index, follow, max-snippet:-1, max-image-preview:large, max-video-preview:-1\" \/>\n<link rel=\"canonical\" href=\"https:\/\/sportbiz.ch\/fr\/conditions-generales-de-vente\/\" \/>\n<meta property=\"og:locale\" content=\"fr_FR\" \/>\n<meta property=\"og:type\" content=\"article\" \/>\n<meta property=\"og:title\" content=\"Conditions g\u00e9n\u00e9rales de vente - Sportbiz\" \/>\n<meta property=\"og:description\" content=\"Conditions g\u00e9n\u00e9rales de vente (CGV) sportbiz.ch - ASMAS Commerce sp\u00e9cialis\u00e9 du sport SuisseEtat : 1er janvier 2026 Domaine d&rsquo;applicationLes pr\u00e9sentes conditions g\u00e9n\u00e9rales de vente (CGV) r\u00e9gissent l&rsquo;acc\u00e8s et l&rsquo;utilisation de la plate-forme Internet www.sportbiz.ch ainsi que tous les contenus et services propos\u00e9s par ce biais.L&rsquo;exploitant de la plate-forme est :ASMAS Sportfachhandel SchweizGutenbergstrasse 63011 BerneSuisseT\u00e9l. +41 [&hellip;]\" \/>\n<meta property=\"og:url\" content=\"https:\/\/sportbiz.ch\/fr\/conditions-generales-de-vente\/\" \/>\n<meta property=\"og:site_name\" content=\"Sportbiz\" \/>\n<meta property=\"article:publisher\" content=\"https:\/\/www.facebook.com\/sportbizbyasmas\" \/>\n<meta property=\"article:modified_time\" content=\"2026-04-14T13:09:06+00:00\" \/>\n<meta name=\"twitter:card\" content=\"summary_large_image\" \/>\n<meta name=\"twitter:label1\" content=\"Dur\u00e9e de lecture estim\u00e9e\" \/>\n\t<meta name=\"twitter:data1\" content=\"5 minutes\" \/>\n<script type=\"application\/ld+json\" class=\"yoast-schema-graph\">{\"@context\":\"https:\\\/\\\/schema.org\",\"@graph\":[{\"@type\":\"WebPage\",\"@id\":\"https:\\\/\\\/sportbiz.ch\\\/fr\\\/conditions-generales-de-vente\\\/\",\"url\":\"https:\\\/\\\/sportbiz.ch\\\/fr\\\/conditions-generales-de-vente\\\/\",\"name\":\"Conditions g\u00e9n\u00e9rales de vente - Sportbiz\",\"isPartOf\":{\"@id\":\"https:\\\/\\\/sportbiz.ch\\\/fr\\\/#website\"},\"datePublished\":\"2019-05-16T07:41:29+00:00\",\"dateModified\":\"2026-04-14T13:09:06+00:00\",\"breadcrumb\":{\"@id\":\"https:\\\/\\\/sportbiz.ch\\\/fr\\\/conditions-generales-de-vente\\\/#breadcrumb\"},\"inLanguage\":\"fr-FR\",\"potentialAction\":[{\"@type\":\"ReadAction\",\"target\":[\"https:\\\/\\\/sportbiz.ch\\\/fr\\\/conditions-generales-de-vente\\\/\"]}]},{\"@type\":\"BreadcrumbList\",\"@id\":\"https:\\\/\\\/sportbiz.ch\\\/fr\\\/conditions-generales-de-vente\\\/#breadcrumb\",\"itemListElement\":[{\"@type\":\"ListItem\",\"position\":1,\"name\":\"Home\",\"item\":\"https:\\\/\\\/sportbiz.ch\\\/fr\\\/page-daccueil\\\/\"},{\"@type\":\"ListItem\",\"position\":2,\"name\":\"Conditions g\u00e9n\u00e9rales de vente\"}]},{\"@type\":\"WebSite\",\"@id\":\"https:\\\/\\\/sportbiz.ch\\\/fr\\\/#website\",\"url\":\"https:\\\/\\\/sportbiz.ch\\\/fr\\\/\",\"name\":\"Sportbiz\",\"description\":\"Schweizer Sportartikelbranche Online: ASMAS Verband Schweizer Sportfachhandel, \u00abSpaf\u00bb Verband Schweiz. Sportartikel-Lieferanten\",\"publisher\":{\"@id\":\"https:\\\/\\\/sportbiz.ch\\\/fr\\\/#organization\"},\"potentialAction\":[{\"@type\":\"SearchAction\",\"target\":{\"@type\":\"EntryPoint\",\"urlTemplate\":\"https:\\\/\\\/sportbiz.ch\\\/fr\\\/?s={search_term_string}\"},\"query-input\":{\"@type\":\"PropertyValueSpecification\",\"valueRequired\":true,\"valueName\":\"search_term_string\"}}],\"inLanguage\":\"fr-FR\"},{\"@type\":\"Organization\",\"@id\":\"https:\\\/\\\/sportbiz.ch\\\/fr\\\/#organization\",\"name\":\"ASMAS Sportfachhandel Schweiz\",\"url\":\"https:\\\/\\\/sportbiz.ch\\\/fr\\\/\",\"logo\":{\"@type\":\"ImageObject\",\"inLanguage\":\"fr-FR\",\"@id\":\"https:\\\/\\\/sportbiz.ch\\\/fr\\\/#\\\/schema\\\/logo\\\/image\\\/\",\"url\":\"https:\\\/\\\/sportbiz.ch\\\/wp-content\\\/uploads\\\/2023\\\/02\\\/sportbiz_Logo_72dpi.jpg\",\"contentUrl\":\"https:\\\/\\\/sportbiz.ch\\\/wp-content\\\/uploads\\\/2023\\\/02\\\/sportbiz_Logo_72dpi.jpg\",\"width\":520,\"height\":204,\"caption\":\"ASMAS Sportfachhandel Schweiz\"},\"image\":{\"@id\":\"https:\\\/\\\/sportbiz.ch\\\/fr\\\/#\\\/schema\\\/logo\\\/image\\\/\"},\"sameAs\":[\"https:\\\/\\\/www.facebook.com\\\/sportbizbyasmas\",\"https:\\\/\\\/www.linkedin.com\\\/company\\\/sportbizbyasmas\\\/\",\"https:\\\/\\\/www.instagram.com\\\/sportbiz.ch_by_asmas\\\/\",\"https:\\\/\\\/www.youtube.com\\\/channel\\\/UC_WL3nmvFlpl_sUNQofksqQ\"]}]}<\/script>\n<!-- \/ Yoast SEO plugin. -->","yoast_head_json":{"title":"Conditions g\u00e9n\u00e9rales de vente - Sportbiz","robots":{"index":"index","follow":"follow","max-snippet":"max-snippet:-1","max-image-preview":"max-image-preview:large","max-video-preview":"max-video-preview:-1"},"canonical":"https:\/\/sportbiz.ch\/fr\/conditions-generales-de-vente\/","og_locale":"fr_FR","og_type":"article","og_title":"Conditions g\u00e9n\u00e9rales de vente - Sportbiz","og_description":"Conditions g\u00e9n\u00e9rales de vente (CGV) sportbiz.ch - ASMAS Commerce sp\u00e9cialis\u00e9 du sport SuisseEtat : 1er janvier 2026 Domaine d&rsquo;applicationLes pr\u00e9sentes conditions g\u00e9n\u00e9rales de vente (CGV) r\u00e9gissent l&rsquo;acc\u00e8s et l&rsquo;utilisation de la plate-forme Internet www.sportbiz.ch ainsi que tous les contenus et services propos\u00e9s par ce biais.L&rsquo;exploitant de la plate-forme est :ASMAS Sportfachhandel SchweizGutenbergstrasse 63011 BerneSuisseT\u00e9l. +41 [&hellip;]","og_url":"https:\/\/sportbiz.ch\/fr\/conditions-generales-de-vente\/","og_site_name":"Sportbiz","article_publisher":"https:\/\/www.facebook.com\/sportbizbyasmas","article_modified_time":"2026-04-14T13:09:06+00:00","twitter_card":"summary_large_image","twitter_misc":{"Dur\u00e9e de lecture estim\u00e9e":"5 minutes"},"schema":{"@context":"https:\/\/schema.org","@graph":[{"@type":"WebPage","@id":"https:\/\/sportbiz.ch\/fr\/conditions-generales-de-vente\/","url":"https:\/\/sportbiz.ch\/fr\/conditions-generales-de-vente\/","name":"Conditions g\u00e9n\u00e9rales de vente - Sportbiz","isPartOf":{"@id":"https:\/\/sportbiz.ch\/fr\/#website"},"datePublished":"2019-05-16T07:41:29+00:00","dateModified":"2026-04-14T13:09:06+00:00","breadcrumb":{"@id":"https:\/\/sportbiz.ch\/fr\/conditions-generales-de-vente\/#breadcrumb"},"inLanguage":"fr-FR","potentialAction":[{"@type":"ReadAction","target":["https:\/\/sportbiz.ch\/fr\/conditions-generales-de-vente\/"]}]},{"@type":"BreadcrumbList","@id":"https:\/\/sportbiz.ch\/fr\/conditions-generales-de-vente\/#breadcrumb","itemListElement":[{"@type":"ListItem","position":1,"name":"Home","item":"https:\/\/sportbiz.ch\/fr\/page-daccueil\/"},{"@type":"ListItem","position":2,"name":"Conditions g\u00e9n\u00e9rales de vente"}]},{"@type":"WebSite","@id":"https:\/\/sportbiz.ch\/fr\/#website","url":"https:\/\/sportbiz.ch\/fr\/","name":"Sportbiz","description":"Schweizer Sportartikelbranche Online: ASMAS Verband Schweizer Sportfachhandel, \u00abSpaf\u00bb Verband Schweiz. Sportartikel-Lieferanten","publisher":{"@id":"https:\/\/sportbiz.ch\/fr\/#organization"},"potentialAction":[{"@type":"SearchAction","target":{"@type":"EntryPoint","urlTemplate":"https:\/\/sportbiz.ch\/fr\/?s={search_term_string}"},"query-input":{"@type":"PropertyValueSpecification","valueRequired":true,"valueName":"search_term_string"}}],"inLanguage":"fr-FR"},{"@type":"Organization","@id":"https:\/\/sportbiz.ch\/fr\/#organization","name":"ASMAS Sportfachhandel Schweiz","url":"https:\/\/sportbiz.ch\/fr\/","logo":{"@type":"ImageObject","inLanguage":"fr-FR","@id":"https:\/\/sportbiz.ch\/fr\/#\/schema\/logo\/image\/","url":"https:\/\/sportbiz.ch\/wp-content\/uploads\/2023\/02\/sportbiz_Logo_72dpi.jpg","contentUrl":"https:\/\/sportbiz.ch\/wp-content\/uploads\/2023\/02\/sportbiz_Logo_72dpi.jpg","width":520,"height":204,"caption":"ASMAS Sportfachhandel Schweiz"},"image":{"@id":"https:\/\/sportbiz.ch\/fr\/#\/schema\/logo\/image\/"},"sameAs":["https:\/\/www.facebook.com\/sportbizbyasmas","https:\/\/www.linkedin.com\/company\/sportbizbyasmas\/","https:\/\/www.instagram.com\/sportbiz.ch_by_asmas\/","https:\/\/www.youtube.com\/channel\/UC_WL3nmvFlpl_sUNQofksqQ"]}]}},"_links":{"self":[{"href":"https:\/\/sportbiz.ch\/fr\/wp-json\/wp\/v2\/pages\/179368","targetHints":{"allow":["GET"]}}],"collection":[{"href":"https:\/\/sportbiz.ch\/fr\/wp-json\/wp\/v2\/pages"}],"about":[{"href":"https:\/\/sportbiz.ch\/fr\/wp-json\/wp\/v2\/types\/page"}],"author":[{"embeddable":true,"href":"https:\/\/sportbiz.ch\/fr\/wp-json\/wp\/v2\/users\/1"}],"replies":[{"embeddable":true,"href":"https:\/\/sportbiz.ch\/fr\/wp-json\/wp\/v2\/comments?post=179368"}],"version-history":[{"count":1,"href":"https:\/\/sportbiz.ch\/fr\/wp-json\/wp\/v2\/pages\/179368\/revisions"}],"predecessor-version":[{"id":179373,"href":"https:\/\/sportbiz.ch\/fr\/wp-json\/wp\/v2\/pages\/179368\/revisions\/179373"}],"wp:attachment":[{"href":"https:\/\/sportbiz.ch\/fr\/wp-json\/wp\/v2\/media?parent=179368"}],"curies":[{"name":"wp","href":"https:\/\/api.w.org\/{rel}","templated":true}]}}