{"id":179358,"date":"2024-11-28T13:37:44","date_gmt":"2024-11-28T12:37:44","guid":{"rendered":"https:\/\/sportbiz.ch\/studenti\/"},"modified":"2026-04-14T15:08:56","modified_gmt":"2026-04-14T13:08:56","slug":"studenti","status":"publish","type":"page","link":"https:\/\/sportbiz.ch\/fr\/studenti\/","title":{"rendered":"Studenti"},"content":{"rendered":"\t\t<div data-elementor-type=\"wp-page\" data-elementor-id=\"179358\" class=\"elementor elementor-179358 elementor-74322\" data-elementor-post-type=\"page\">\n\t\t\t\t\t\t<section class=\"elementor-section elementor-top-section elementor-element elementor-element-1b0ff131 elementor-section-boxed elementor-section-height-default elementor-section-height-default\" data-id=\"1b0ff131\" data-element_type=\"section\" data-e-type=\"section\" data-settings=\"{&quot;background_background&quot;:&quot;classic&quot;}\">\n\t\t\t\t\t\t<div class=\"elementor-container elementor-column-gap-default\">\n\t\t\t\t\t<div class=\"elementor-column elementor-col-100 elementor-top-column elementor-element elementor-element-3a7939f5\" data-id=\"3a7939f5\" data-element_type=\"column\" data-e-type=\"column\">\n\t\t\t<div class=\"elementor-widget-wrap elementor-element-populated\">\n\t\t\t\t\t\t<div class=\"elementor-element elementor-element-420edfe6 elementor-widget elementor-widget-heading\" data-id=\"420edfe6\" data-element_type=\"widget\" data-e-type=\"widget\" data-widget_type=\"heading.default\">\n\t\t\t\t<div class=\"elementor-widget-container\">\n\t\t\t\t\t<h1 class=\"elementor-heading-title elementor-size-default\">Proc\u00e9dure de qualification - \u00c9tudiants (italiano)<\/h1>\t\t\t\t<\/div>\n\t\t\t\t<\/div>\n\t\t\t\t<div class=\"elementor-element elementor-element-6ae8d955 elementor-widget elementor-widget-text-editor\" data-id=\"6ae8d955\" data-element_type=\"widget\" data-e-type=\"widget\" data-widget_type=\"text-editor.default\">\n\t\t\t\t<div class=\"elementor-widget-container\">\n\t\t\t\t\t\t\t\t\t<p>Procedura di qualificazione per <strong>Assistenti del commercio al dettaglio CFP<\/strong><br>Procedura di qualificazione per <strong>Impiegati del commercio al dettaglio AFC<\/strong><\/p>\t\t\t\t\t\t\t\t<\/div>\n\t\t\t\t<\/div>\n\t\t\t\t\t<\/div>\n\t\t<\/div>\n\t\t\t\t\t<\/div>\n\t\t<\/section>\n\t\t<div class=\"elementor-element elementor-element-f6383b8 e-flex e-con-boxed e-con e-parent\" data-id=\"f6383b8\" data-element_type=\"container\" data-e-type=\"container\">\n\t\t\t\t\t<div class=\"e-con-inner\">\n\t\t\t\t<div class=\"elementor-element elementor-element-857aeaf elementor-widget elementor-widget-text-editor\" data-id=\"857aeaf\" data-element_type=\"widget\" data-e-type=\"widget\" data-widget_type=\"text-editor.default\">\n\t\t\t\t<div class=\"elementor-widget-container\">\n\t\t\t\t\t\t\t\t\tAl termine della formazione, gli apprendisti completano il processo di qualificazione. Una parte di questo processo \u00e8 l&rsquo;esame pratico (lavoro pratico).\t\t\t\t\t\t\t\t<\/div>\n\t\t\t\t<\/div>\n\t\t\t\t<div class=\"elementor-element elementor-element-9cc7022 elementor-widget elementor-widget-text-editor\" data-id=\"9cc7022\" data-element_type=\"widget\" data-e-type=\"widget\" data-widget_type=\"text-editor.default\">\n\t\t\t\t<div class=\"elementor-widget-container\">\n\t\t\t\t\t\t\t\t\tL&rsquo;esame pratico, secondo il nuovo programma di formazione di base, \u00e8 un voto a caduta. Ci\u00f2 significa che se il voto non \u00e8 4 o superiore, il QV non viene superato.\t\t\t\t\t\t\t\t<\/div>\n\t\t\t\t<\/div>\n\t\t\t\t<div class=\"elementor-element elementor-element-5904862 elementor-widget elementor-widget-text-editor\" data-id=\"5904862\" data-element_type=\"widget\" data-e-type=\"widget\" data-widget_type=\"text-editor.default\">\n\t\t\t\t<div class=\"elementor-widget-container\">\n\t\t\t\t\t\t\t\t\tPer aiutarvi a prepararvi all&rsquo;esame pratico, di seguito troverete due video per assistenti al commercio al dettaglio e specialisti del commercio al dettaglio, oltre alla serie zero, che fornisce una panoramica del processo di esame pratico e aiuta nella preparazione.\t\t\t\t\t\t\t\t<\/div>\n\t\t\t\t<\/div>\n\t\t\t\t<div class=\"elementor-element elementor-element-430aa5a elementor-icon-list--layout-traditional elementor-list-item-link-full_width elementor-widget elementor-widget-icon-list\" data-id=\"430aa5a\" data-element_type=\"widget\" data-e-type=\"widget\" data-widget_type=\"icon-list.default\">\n\t\t\t\t<div class=\"elementor-widget-container\">\n\t\t\t\t\t\t\t<ul class=\"elementor-icon-list-items\">\n\t\t\t\t\t\t\t<li class=\"elementor-icon-list-item\">\n\t\t\t\t\t\t\t\t\t\t\t<a href=\"https:\/\/sportbiz.ch\/wp-content\/uploads\/2026\/01\/Serie-0-procedura-di-qualificzione-Assistenti-del-commercio-al-dettaglio-Sport.pdf\" target=\"_blank\">\n\n\t\t\t\t\t\t\t\t\t\t\t\t<span class=\"elementor-icon-list-icon\">\n\t\t\t\t\t\t\t<svg aria-hidden=\"true\" class=\"e-font-icon-svg e-far-file-pdf\" viewBox=\"0 0 384 512\" xmlns=\"http:\/\/www.w3.org\/2000\/svg\"><path d=\"M369.9 97.9L286 14C277 5 264.8-.1 252.1-.1H48C21.5 0 0 21.5 0 48v416c0 26.5 21.5 48 48 48h288c26.5 0 48-21.5 48-48V131.9c0-12.7-5.1-25-14.1-34zM332.1 128H256V51.9l76.1 76.1zM48 464V48h160v104c0 13.3 10.7 24 24 24h104v288H48zm250.2-143.7c-12.2-12-47-8.7-64.4-6.5-17.2-10.5-28.7-25-36.8-46.3 3.9-16.1 10.1-40.6 5.4-56-4.2-26.2-37.8-23.6-42.6-5.9-4.4 16.1-.4 38.5 7 67.1-10 23.9-24.9 56-35.4 74.4-20 10.3-47 26.2-51 46.2-3.3 15.8 26 55.2 76.1-31.2 22.4-7.4 46.8-16.5 68.4-20.1 18.9 10.2 41 17 55.8 17 25.5 0 28-28.2 17.5-38.7zm-198.1 77.8c5.1-13.7 24.5-29.5 30.4-35-19 30.3-30.4 35.7-30.4 35zm81.6-190.6c7.4 0 6.7 32.1 1.8 40.8-4.4-13.9-4.3-40.8-1.8-40.8zm-24.4 136.6c9.7-16.9 18-37 24.7-54.7 8.3 15.1 18.9 27.2 30.1 35.5-20.8 4.3-38.9 13.1-54.8 19.2zm131.6-5s-5 6-37.3-7.8c35.1-2.6 40.9 5.4 37.3 7.8z\"><\/path><\/svg>\t\t\t\t\t\t<\/span>\n\t\t\t\t\t\t\t\t\t\t<span class=\"elementor-icon-list-text\">S\u00e9rie nulla \/ Assistenti del commercio al dettaglio CFP<\/span>\n\t\t\t\t\t\t\t\t\t\t\t<\/a>\n\t\t\t\t\t\t\t\t\t<\/li>\n\t\t\t\t\t\t\t\t<li class=\"elementor-icon-list-item\">\n\t\t\t\t\t\t\t\t\t\t\t<a href=\"https:\/\/sportbiz.ch\/wp-content\/uploads\/2026\/01\/Serie-0-procedura-di-qualificzione-Impiegati-del-commercio-al-dettaglio-Sport.pdf\" target=\"_blank\">\n\n\t\t\t\t\t\t\t\t\t\t\t\t<span class=\"elementor-icon-list-icon\">\n\t\t\t\t\t\t\t<svg aria-hidden=\"true\" class=\"e-font-icon-svg e-far-file-pdf\" viewBox=\"0 0 384 512\" xmlns=\"http:\/\/www.w3.org\/2000\/svg\"><path d=\"M369.9 97.9L286 14C277 5 264.8-.1 252.1-.1H48C21.5 0 0 21.5 0 48v416c0 26.5 21.5 48 48 48h288c26.5 0 48-21.5 48-48V131.9c0-12.7-5.1-25-14.1-34zM332.1 128H256V51.9l76.1 76.1zM48 464V48h160v104c0 13.3 10.7 24 24 24h104v288H48zm250.2-143.7c-12.2-12-47-8.7-64.4-6.5-17.2-10.5-28.7-25-36.8-46.3 3.9-16.1 10.1-40.6 5.4-56-4.2-26.2-37.8-23.6-42.6-5.9-4.4 16.1-.4 38.5 7 67.1-10 23.9-24.9 56-35.4 74.4-20 10.3-47 26.2-51 46.2-3.3 15.8 26 55.2 76.1-31.2 22.4-7.4 46.8-16.5 68.4-20.1 18.9 10.2 41 17 55.8 17 25.5 0 28-28.2 17.5-38.7zm-198.1 77.8c5.1-13.7 24.5-29.5 30.4-35-19 30.3-30.4 35.7-30.4 35zm81.6-190.6c7.4 0 6.7 32.1 1.8 40.8-4.4-13.9-4.3-40.8-1.8-40.8zm-24.4 136.6c9.7-16.9 18-37 24.7-54.7 8.3 15.1 18.9 27.2 30.1 35.5-20.8 4.3-38.9 13.1-54.8 19.2zm131.6-5s-5 6-37.3-7.8c35.1-2.6 40.9 5.4 37.3 7.8z\"><\/path><\/svg>\t\t\t\t\t\t<\/span>\n\t\t\t\t\t\t\t\t\t\t<span class=\"elementor-icon-list-text\">S\u00e9rie nulla \/ Impiegati del commercio al dettaglio AFC<\/span>\n\t\t\t\t\t\t\t\t\t\t\t<\/a>\n\t\t\t\t\t\t\t\t\t<\/li>\n\t\t\t\t\t\t<\/ul>\n\t\t\t\t\t\t<\/div>\n\t\t\t\t<\/div>\n\t\t\t\t\t<\/div>\n\t\t\t\t<\/div>\n\t\t\t\t<\/div>\n\t\t","protected":false},"excerpt":{"rendered":"<p>Proc\u00e9dure de qualification - \u00c9tudiants (italiano) Procedura di qualificazione per Assistenti del commercio al dettaglio CFPProcedura di qualificazione per Impiegati del commercio al dettaglio AFC Al termine della formazione, gli apprendisti completano il processo di qualificazione. Una parte di questo processo \u00e8 l&rsquo;esame pratico (lavoro pratico).L&rsquo;esame pratico, secondo il nuovo programma di formazione di base, [&hellip;]<\/p>\n","protected":false},"author":1,"featured_media":0,"parent":0,"menu_order":0,"comment_status":"closed","ping_status":"closed","template":"","meta":{"_acf_changed":false,"footnotes":""},"class_list":["post-179358","page","type-page","status-publish","hentry"],"yoast_head":"<!-- This site is optimized with the Yoast SEO plugin v27.4 - https:\/\/yoast.com\/product\/yoast-seo-wordpress\/ -->\n<title>Studenti - Sportbiz<\/title>\n<meta name=\"robots\" content=\"index, follow, max-snippet:-1, max-image-preview:large, max-video-preview:-1\" \/>\n<link rel=\"canonical\" href=\"https:\/\/sportbiz.ch\/fr\/studenti\/\" \/>\n<meta property=\"og:locale\" content=\"fr_FR\" \/>\n<meta property=\"og:type\" content=\"article\" \/>\n<meta property=\"og:title\" content=\"Studenti - Sportbiz\" \/>\n<meta property=\"og:description\" content=\"Proc\u00e9dure de qualification - \u00c9tudiants (italiano) Procedura di qualificazione per Assistenti del commercio al dettaglio CFPProcedura di qualificazione per Impiegati del commercio al dettaglio AFC Al termine della formazione, gli apprendisti completano il processo di qualificazione. Una parte di questo processo \u00e8 l&rsquo;esame pratico (lavoro pratico).L&rsquo;esame pratico, secondo il nuovo programma di formazione di base, [&hellip;]\" \/>\n<meta property=\"og:url\" content=\"https:\/\/sportbiz.ch\/fr\/studenti\/\" \/>\n<meta property=\"og:site_name\" content=\"Sportbiz\" \/>\n<meta property=\"article:publisher\" content=\"https:\/\/www.facebook.com\/sportbizbyasmas\" \/>\n<meta property=\"article:modified_time\" content=\"2026-04-14T13:08:56+00:00\" \/>\n<meta name=\"twitter:card\" content=\"summary_large_image\" \/>\n<meta name=\"twitter:label1\" content=\"Dur\u00e9e de lecture estim\u00e9e\" \/>\n\t<meta name=\"twitter:data1\" content=\"1 minute\" \/>\n<script type=\"application\/ld+json\" class=\"yoast-schema-graph\">{\"@context\":\"https:\\\/\\\/schema.org\",\"@graph\":[{\"@type\":\"WebPage\",\"@id\":\"https:\\\/\\\/sportbiz.ch\\\/fr\\\/studenti\\\/\",\"url\":\"https:\\\/\\\/sportbiz.ch\\\/fr\\\/studenti\\\/\",\"name\":\"Studenti - Sportbiz\",\"isPartOf\":{\"@id\":\"https:\\\/\\\/sportbiz.ch\\\/fr\\\/#website\"},\"datePublished\":\"2024-11-28T12:37:44+00:00\",\"dateModified\":\"2026-04-14T13:08:56+00:00\",\"breadcrumb\":{\"@id\":\"https:\\\/\\\/sportbiz.ch\\\/fr\\\/studenti\\\/#breadcrumb\"},\"inLanguage\":\"fr-FR\",\"potentialAction\":[{\"@type\":\"ReadAction\",\"target\":[\"https:\\\/\\\/sportbiz.ch\\\/fr\\\/studenti\\\/\"]}]},{\"@type\":\"BreadcrumbList\",\"@id\":\"https:\\\/\\\/sportbiz.ch\\\/fr\\\/studenti\\\/#breadcrumb\",\"itemListElement\":[{\"@type\":\"ListItem\",\"position\":1,\"name\":\"Home\",\"item\":\"https:\\\/\\\/sportbiz.ch\\\/fr\\\/\"},{\"@type\":\"ListItem\",\"position\":2,\"name\":\"Studenti\"}]},{\"@type\":\"WebSite\",\"@id\":\"https:\\\/\\\/sportbiz.ch\\\/fr\\\/#website\",\"url\":\"https:\\\/\\\/sportbiz.ch\\\/fr\\\/\",\"name\":\"Sportbiz\",\"description\":\"Schweizer Sportartikelbranche Online: ASMAS Verband Schweizer Sportfachhandel, \u00abSpaf\u00bb Verband Schweiz. Sportartikel-Lieferanten\",\"publisher\":{\"@id\":\"https:\\\/\\\/sportbiz.ch\\\/fr\\\/#organization\"},\"potentialAction\":[{\"@type\":\"SearchAction\",\"target\":{\"@type\":\"EntryPoint\",\"urlTemplate\":\"https:\\\/\\\/sportbiz.ch\\\/fr\\\/?s={search_term_string}\"},\"query-input\":{\"@type\":\"PropertyValueSpecification\",\"valueRequired\":true,\"valueName\":\"search_term_string\"}}],\"inLanguage\":\"fr-FR\"},{\"@type\":\"Organization\",\"@id\":\"https:\\\/\\\/sportbiz.ch\\\/fr\\\/#organization\",\"name\":\"ASMAS Sportfachhandel Schweiz\",\"url\":\"https:\\\/\\\/sportbiz.ch\\\/fr\\\/\",\"logo\":{\"@type\":\"ImageObject\",\"inLanguage\":\"fr-FR\",\"@id\":\"https:\\\/\\\/sportbiz.ch\\\/fr\\\/#\\\/schema\\\/logo\\\/image\\\/\",\"url\":\"https:\\\/\\\/sportbiz.ch\\\/wp-content\\\/uploads\\\/2023\\\/02\\\/sportbiz_Logo_72dpi.jpg\",\"contentUrl\":\"https:\\\/\\\/sportbiz.ch\\\/wp-content\\\/uploads\\\/2023\\\/02\\\/sportbiz_Logo_72dpi.jpg\",\"width\":520,\"height\":204,\"caption\":\"ASMAS Sportfachhandel Schweiz\"},\"image\":{\"@id\":\"https:\\\/\\\/sportbiz.ch\\\/fr\\\/#\\\/schema\\\/logo\\\/image\\\/\"},\"sameAs\":[\"https:\\\/\\\/www.facebook.com\\\/sportbizbyasmas\",\"https:\\\/\\\/www.linkedin.com\\\/company\\\/sportbizbyasmas\\\/\",\"https:\\\/\\\/www.instagram.com\\\/sportbiz.ch_by_asmas\\\/\",\"https:\\\/\\\/www.youtube.com\\\/channel\\\/UC_WL3nmvFlpl_sUNQofksqQ\"]}]}<\/script>\n<!-- \/ Yoast SEO plugin. -->","yoast_head_json":{"title":"Studenti - Sportbiz","robots":{"index":"index","follow":"follow","max-snippet":"max-snippet:-1","max-image-preview":"max-image-preview:large","max-video-preview":"max-video-preview:-1"},"canonical":"https:\/\/sportbiz.ch\/fr\/studenti\/","og_locale":"fr_FR","og_type":"article","og_title":"Studenti - Sportbiz","og_description":"Proc\u00e9dure de qualification - \u00c9tudiants (italiano) Procedura di qualificazione per Assistenti del commercio al dettaglio CFPProcedura di qualificazione per Impiegati del commercio al dettaglio AFC Al termine della formazione, gli apprendisti completano il processo di qualificazione. Una parte di questo processo \u00e8 l&rsquo;esame pratico (lavoro pratico).L&rsquo;esame pratico, secondo il nuovo programma di formazione di base, [&hellip;]","og_url":"https:\/\/sportbiz.ch\/fr\/studenti\/","og_site_name":"Sportbiz","article_publisher":"https:\/\/www.facebook.com\/sportbizbyasmas","article_modified_time":"2026-04-14T13:08:56+00:00","twitter_card":"summary_large_image","twitter_misc":{"Dur\u00e9e de lecture estim\u00e9e":"1 minute"},"schema":{"@context":"https:\/\/schema.org","@graph":[{"@type":"WebPage","@id":"https:\/\/sportbiz.ch\/fr\/studenti\/","url":"https:\/\/sportbiz.ch\/fr\/studenti\/","name":"Studenti - Sportbiz","isPartOf":{"@id":"https:\/\/sportbiz.ch\/fr\/#website"},"datePublished":"2024-11-28T12:37:44+00:00","dateModified":"2026-04-14T13:08:56+00:00","breadcrumb":{"@id":"https:\/\/sportbiz.ch\/fr\/studenti\/#breadcrumb"},"inLanguage":"fr-FR","potentialAction":[{"@type":"ReadAction","target":["https:\/\/sportbiz.ch\/fr\/studenti\/"]}]},{"@type":"BreadcrumbList","@id":"https:\/\/sportbiz.ch\/fr\/studenti\/#breadcrumb","itemListElement":[{"@type":"ListItem","position":1,"name":"Home","item":"https:\/\/sportbiz.ch\/fr\/"},{"@type":"ListItem","position":2,"name":"Studenti"}]},{"@type":"WebSite","@id":"https:\/\/sportbiz.ch\/fr\/#website","url":"https:\/\/sportbiz.ch\/fr\/","name":"Sportbiz","description":"Schweizer Sportartikelbranche Online: ASMAS Verband Schweizer Sportfachhandel, \u00abSpaf\u00bb Verband Schweiz. Sportartikel-Lieferanten","publisher":{"@id":"https:\/\/sportbiz.ch\/fr\/#organization"},"potentialAction":[{"@type":"SearchAction","target":{"@type":"EntryPoint","urlTemplate":"https:\/\/sportbiz.ch\/fr\/?s={search_term_string}"},"query-input":{"@type":"PropertyValueSpecification","valueRequired":true,"valueName":"search_term_string"}}],"inLanguage":"fr-FR"},{"@type":"Organization","@id":"https:\/\/sportbiz.ch\/fr\/#organization","name":"ASMAS Sportfachhandel Schweiz","url":"https:\/\/sportbiz.ch\/fr\/","logo":{"@type":"ImageObject","inLanguage":"fr-FR","@id":"https:\/\/sportbiz.ch\/fr\/#\/schema\/logo\/image\/","url":"https:\/\/sportbiz.ch\/wp-content\/uploads\/2023\/02\/sportbiz_Logo_72dpi.jpg","contentUrl":"https:\/\/sportbiz.ch\/wp-content\/uploads\/2023\/02\/sportbiz_Logo_72dpi.jpg","width":520,"height":204,"caption":"ASMAS Sportfachhandel Schweiz"},"image":{"@id":"https:\/\/sportbiz.ch\/fr\/#\/schema\/logo\/image\/"},"sameAs":["https:\/\/www.facebook.com\/sportbizbyasmas","https:\/\/www.linkedin.com\/company\/sportbizbyasmas\/","https:\/\/www.instagram.com\/sportbiz.ch_by_asmas\/","https:\/\/www.youtube.com\/channel\/UC_WL3nmvFlpl_sUNQofksqQ"]}]}},"_links":{"self":[{"href":"https:\/\/sportbiz.ch\/fr\/wp-json\/wp\/v2\/pages\/179358","targetHints":{"allow":["GET"]}}],"collection":[{"href":"https:\/\/sportbiz.ch\/fr\/wp-json\/wp\/v2\/pages"}],"about":[{"href":"https:\/\/sportbiz.ch\/fr\/wp-json\/wp\/v2\/types\/page"}],"author":[{"embeddable":true,"href":"https:\/\/sportbiz.ch\/fr\/wp-json\/wp\/v2\/users\/1"}],"replies":[{"embeddable":true,"href":"https:\/\/sportbiz.ch\/fr\/wp-json\/wp\/v2\/comments?post=179358"}],"version-history":[{"count":1,"href":"https:\/\/sportbiz.ch\/fr\/wp-json\/wp\/v2\/pages\/179358\/revisions"}],"predecessor-version":[{"id":179360,"href":"https:\/\/sportbiz.ch\/fr\/wp-json\/wp\/v2\/pages\/179358\/revisions\/179360"}],"wp:attachment":[{"href":"https:\/\/sportbiz.ch\/fr\/wp-json\/wp\/v2\/media?parent=179358"}],"curies":[{"name":"wp","href":"https:\/\/api.w.org\/{rel}","templated":true}]}}